{"id":51750,"date":"2018-01-28T11:17:19","date_gmt":"2018-01-28T11:17:19","guid":{"rendered":"http:\/\/www.avenadecor.pt\/?page_id=51750"},"modified":"2021-09-07T17:34:25","modified_gmt":"2021-09-07T16:34:25","slug":"privacy-policy","status":"publish","type":"page","link":"https:\/\/avenadecor.pt\/en\/privacy-policy\/","title":{"rendered":"Privacy policy"},"content":{"rendered":"<div class=\"wpb-content-wrapper\"><p>[vc_row margin_top=&#8221;-70px&#8221;][vc_column][vc_separator color=&#8221;white&#8221; border_width=&#8221;10&#8243;]<div id=\"ultimate-heading-496269d76fcb1be7f\" class=\"uvc-heading ult-adjust-bottom-margin ultimate-heading-496269d76fcb1be7f uvc-5004 accent-border-color color-title\" data-hspacer=\"line_only\"  data-halign=\"center\" style=\"text-align:center\"><div class=\"uvc-main-heading ult-responsive\"  data-ultimate-target='.uvc-heading.ultimate-heading-496269d76fcb1be7f h1'  data-responsive-json-new='{\"font-size\":\"desktop:36px;\",\"line-height\":\"\"}' ><h1 style=\"--font-weight:theme;margin-bottom:25px;\">Privacy policy<\/h1><\/div><div class=\"uvc-heading-spacer line_only\" style=\"topheight:3px;\"><span class=\"uvc-headings-line\" style=\"border-style:solid;border-bottom-width:3px;border-color:#ccc;width:100px;\"><\/span><\/div><\/div>[vc_separator color=&#8221;white&#8221; border_width=&#8221;10&#8243;][\/vc_column][\/vc_row][vc_row][vc_column width=&#8221;1\/3&#8243;][vc_single_image image=&#8221;50193&#8243; img_size=&#8221;medium&#8221; alignment=&#8221;center&#8221; onclick=&#8221;link_image&#8221;][\/vc_column][vc_column width=&#8221;2\/3&#8243;][vc_column_text]<strong>Prote\u00e7\u00e3o de dados pessoais<\/strong><\/p>\n<p>A prote\u00e7\u00e3o dos seus dados pessoais \u00e9 muito importante para n\u00f3s e \u00e9 levada a s\u00e9rio no decorrer da sua visita ao nosso site. Tratamos os seus dados com responsabilidade e tomamos todas as medidas necess\u00e1rias para protege-los.<\/p>\n<p><strong>Quando recolhemos os seus dados<\/strong><\/p>\n<p>No nosso site os dados recolhidos ser\u00e3o apenas os que nos indicar nos formul\u00e1rios. Estes apenas ser\u00e3o recolhidos para os fins especificados e ap\u00f3s garantir que aceitou a nossa pol\u00edtica de prote\u00e7\u00e3o de dados ao enviar algum tipo de formul\u00e1rio. Por exemplo, ao preencher um formul\u00e1rio de pedido de or\u00e7amento em que lhe \u00e9 solicitado o nome, o email, a empresa, um contacto e uma mensagem, apenas estes campos ser\u00e3o armazenados na base de dados. De forma a garantir que aceitou os nossos termos, junta-se tamb\u00e9m a necessidade de guardar o endere\u00e7o IP do utilizador.<\/p>\n<p>O uso do website implica a aceita\u00e7\u00e3o total e sem reservas de todas e cada uma das disposi\u00e7\u00f5es inclu\u00eddas neste Aviso Legal. Consequentemente, o utilizador do website deve ler atentamente este Aviso Legal, todas as vezes que pretender consultar o nosso website, uma vez que estas condi\u00e7\u00f5es podem ser alteradas pelo propriet\u00e1rio do website, ou devido a alguma altera\u00e7\u00e3o legislativa, jurisprud\u00eancia ou pr\u00e1tica empresarial.<\/p>\n<p><strong>1. TITULARIDADE DO WEBSITE<\/strong><\/p>\n<p>Em conformidade com o disposto legal, s\u00e3o reportados de forma expressa, precisa e inequ\u00edvoca, tanto para os destinat\u00e1rios do servi\u00e7o como para os \u00f3rg\u00e3os competentes, os seguintes aspectos relacionados com o prestador do servi\u00e7o.<br \/>\nEste aviso legal regula as condi\u00e7\u00f5es gerais de acesso e utiliza\u00e7\u00e3o do site acess\u00edvel em <a href=\"https:\/\/avenadecor.pt\/\">https:\/\/avenadecor.pt<\/a> (doravante, designado por website), e que \u00e9 colocado \u00e0 disposi\u00e7\u00e3o dos utilizadores da Internet, sendo propriedade da AvenaDecor &#8211; Decora\u00e7\u00e3o de artigos de vidro S.A., Rua Aldeias de Cima, 650 4785-699 ,Trofa ,Portugal,NIF:503640875, telefone +351 916 990 216 e email de contacto avenadecor@avenadecore.pt. O titular do website \u00e9 tamb\u00e9m o detentor da responsabilidade pelo Tratamento de Dados nele inseridos pelo utilizador.<\/p>\n<p><strong>2. OBJETO<\/strong><\/p>\n<p>O site fornece aos utilizadores o mesmo acesso a informa\u00e7\u00f5es e servi\u00e7os fornecidos pela AvenaDecor para pessoas ou organiza\u00e7\u00f5es interessadas neles.<\/p>\n<p><strong>3. ACESSO E USO DO WEBSITE<\/strong><\/p>\n<p>3.1. O acesso a este website \u00e9 livre e todos os seus conte\u00fados s\u00e3o gratuitos para os utilizadores.<\/p>\n<p>3.2. Registo do utilizador. Em geral, o acesso e utiliza\u00e7\u00e3o do website n\u00e3o requer a inscri\u00e7\u00e3o pr\u00e9via ou registo dos utilizadores no mesmo.<\/p>\n<p><strong>4. DADOS RECOLHIDOS NO WEBSITE<\/strong><\/p>\n<p>Recolhemos os dados que nos fornece voluntariamente quando preenche e envia um formul\u00e1rio no nosso website, bem como outros relativos ao processamento do seu pedido. Estes dados incluem, mas n\u00e3o se limitam, os seguintes: nome, e-mail, empresa, telefone, empresa e localidade.<br \/>\nPara al\u00e9m dos referidos dados, tamb\u00e9m podemos recolher dados de utiliza\u00e7\u00e3o e acesso ao website, tais como o seu endere\u00e7o IP.<\/p>\n<p><strong>5. UTILIZA\u00c7\u00c3O DOS DADOS RECOLHIDOS<\/strong><\/p>\n<p>Os dados recolhidos ser\u00e3o utilizados para comunicar consigo a respeito do seu pedido de or\u00e7amento, assim como para execu\u00e7\u00e3o e envio do or\u00e7amento solicitado. Os dados recolhidos n\u00e3o ser\u00e3o utilizados em a\u00e7\u00f5es de marketing.<\/p>\n<p><strong>6. COM QUEM PARTILHA A AVENADECOR OS SEUS DADOS?<\/strong><\/p>\n<p>A AvenaDecor n\u00e3o partilha com terceiros os dados recolhidos no envio de formul\u00e1rios no seu website, a menos que seja exigido pelas entidades legais competentes.<\/p>\n<p><strong>7. TEMPO DE CONSERVA\u00c7\u00c3O DOS DADOS<\/strong><\/p>\n<p>Em conformidade com as pol\u00edticas aplic\u00e1veis no que diz respeito \u00e0 conserva\u00e7\u00e3o dos dados e\/ou a legisla\u00e7\u00e3o em vigor, n\u00e3o conservamos os seus dados para al\u00e9m da dura\u00e7\u00e3o necess\u00e1ria aos fins legalmente admiss\u00edveis para os quais foram recolhidos.<\/p>\n<p><strong>8. CONTE\u00daDO DO WEBSITE<\/strong><\/p>\n<p>Os idiomas usados pelo propriet\u00e1rio no website \u00e9 o Portugu\u00eas, o Espanhol, o Franc\u00eas e\u00a0o ingl\u00eas. A AvenaDecor n\u00e3o \u00e9 respons\u00e1vel pela falta de compreens\u00e3o, pelo utilizador, das linguagens contidas no website ou consequ\u00eancias devido \u00e0 falta de compreens\u00e3o da mesma.<\/p>\n<p>A AvenaDecor pode modificar o conte\u00fado da presente pol\u00edtica de privacidade sem aviso pr\u00e9vio, excluir do website, bem como alterar a forma do utilizador a consultar, sem qualquer justifica\u00e7\u00e3o e livremente, n\u00e3o assumindo a responsabilidade pelas consequ\u00eancias causadas aos utilizadores.<br \/>\nA utiliza\u00e7\u00e3o dos conte\u00fados deste website \u00e9 proibida para promover, recrutar ou anunciar informa\u00e7\u00f5es propriet\u00e1rias ou de terceiros sem a autoriza\u00e7\u00e3o pr\u00e9via, por escrito, da AvenaDecor.<\/p>\n<p>O envio de publicidade ou informa\u00e7\u00e3o contida neste website, tamb\u00e9m \u00e9 proibido, independentemente de sua consulta ser gratuita ou n\u00e3o.<\/p>\n<p>Links ou hiperlinks que incorporam terceiros nos seus websites, visando este site, ser\u00e1 para a abertura do site completo, e n\u00e3o pode expressar, direta ou indiretamente, indica\u00e7\u00f5es falsas, imprecisas ou enganosas ou se envolver em a\u00e7\u00f5es desleais ou ilegais contra a AvenaDecor.<\/p>\n<p><strong>9. LIMITA\u00c7\u00c3O DE RESPONSABILIDADE<\/strong><\/p>\n<p>Tanto o acesso ao site, quanto o uso n\u00e3o considerado que pode ser feito das informa\u00e7\u00f5es nele contidas, s\u00e3o de responsabilidade exclusiva da pessoa que o realiza. A AvenaDecor n\u00e3o ser\u00e1 respons\u00e1vel por qualquer consequ\u00eancia ou dano que possa resultar de tal acesso ou uso. A AvenaDecor n\u00e3o \u00e9 respons\u00e1vel por erros de seguran\u00e7a que possam ocorrer ou por qualquer dano que possa ser causado ao sistema do computador do utilizador (hardware e software), ou aos arquivos ou documentos armazenados nele, como resultado de:<br \/>\n\u2013 a presen\u00e7a de um v\u00edrus no computador do utilizador que \u00e9 usado para se ligar aos servi\u00e7os e conte\u00fados da web,<br \/>\n\u2013 mau funcionamento do navegador,<br \/>\n\u2013 e \/ ou o uso de vers\u00f5es n\u00e3o atualizadas do navegador.<\/p>\n<p>A AvenaDecor n\u00e3o \u00e9 respons\u00e1vel pela fiabilidade e velocidade dos hiperlinks que s\u00e3o incorporados na web para a abertura de outros. A AvenaDecor n\u00e3o garante a utilidade desses links, nem \u00e9 respons\u00e1vel pelos conte\u00fados ou servi\u00e7os aos quais o utilizador pode aceder atrav\u00e9s desses links, ou o funcionamento adequado desses sites.<\/p>\n<p>A AvenaDecor n\u00e3o ser\u00e1 respons\u00e1vel por v\u00edrus ou outros programas de computador que se deteriorem ou possam deteriorar os sistemas de computadores ou equipamentos dos utilizadores ao aceder o seu website ou outros websites que tenham sido acedidos atrav\u00e9s de links neste website.<\/p>\n<p><strong>10. USO DA TECNOLOGIA \u201cCOOKIE\u201d<\/strong><\/p>\n<p>O website utiliza cookies. Poder\u00e1 consultar nossa Pol\u00edtica de Cookies, que respeita em todos os momentos a confidencialidade e privacidade do mesmo.<\/p>\n<p><strong>11. PROPRIEDADE INTELECTUAL E INDUSTRIAL<\/strong><\/p>\n<p>Todos os direitos de propriedade industrial e intelectual do Website, bem como o conte\u00fado que cont\u00e9m, s\u00e3o propriedade da AvenaDecor. Qualquer uso do website ou seu conte\u00fado deve ser exclusivamente privado. \u00c9 reservado exclusivamente \u00e0 AvenaDecor , qualquer outro uso que sup\u00f5e a c\u00f3pia, reprodu\u00e7\u00e3o, distribui\u00e7\u00e3o, transforma\u00e7\u00e3o, comunica\u00e7\u00e3o p\u00fablica ou qualquer outra a\u00e7\u00e3o similar, de todo ou parte do conte\u00fado do website, para o qual nenhum utilizador poder\u00e1 realizar estas a\u00e7\u00f5es sem Autoriza\u00e7\u00e3o pr\u00e9via por escrito da AvenaDecor.<\/p>\n<p><strong>12. POL\u00cdTICA DE PRIVACIDADE E PROTE\u00c7\u00c3O DE DADOS<\/strong><\/p>\n<p>A AvenaDecor garante a prote\u00e7\u00e3o e confidencialidade dos dados pessoais, de qualquer natureza, fornecidos por empresas nossas clientes, de acordo com o disposto legal, sobre a Prote\u00e7\u00e3o de Dados Pessoais.<br \/>\nTodos os dados fornecidos pelos nossos clientes \u00e0 AvenaDecor ou sua equipa ser\u00e3o inclu\u00eddos num arquivo de dados digital de natureza pessoal, criado e mantido sob a responsabilidade da AvenaDecor, essencial para fornecer os servi\u00e7os solicitados pelos utilizadores.<\/p>\n<p>Os dados fornecidos ser\u00e3o tratados de acordo com o Regulamento Geral de Prote\u00e7\u00e3o de Dados (Regulamento (UE) 2016\/679 do Parlamento Europeu e do Conselho de 27 de abril de 2016, em diante \u201cRGPD\u201d). Neste sentido, a AvenaDecor adotou os n\u00edveis de prote\u00e7\u00e3o que s\u00e3o legalmente exigidos, e instalou todas as medidas t\u00e9cnicas \u00e0 sua disposi\u00e7\u00e3o para evitar perda, uso indevido, altera\u00e7\u00e3o e acesso n\u00e3o autorizado por terceiros. No entanto, o utilizador deve estar ciente de que as medidas de seguran\u00e7a na Internet n\u00e3o s\u00e3o inexpugn\u00e1veis.<\/p>\n<p>Em conformidade com as disposi\u00e7\u00f5es da CNPD, o utilizador pode exercer seus direitos de acesso, retifica\u00e7\u00e3o, cancelamento e oposi\u00e7\u00e3o. Para isso, deve contactar-nos pelo e-mail avenadecor@avenadecor.pt.<\/p>\n<p><strong>13. LEGISLA\u00c7\u00c3O APLIC\u00c1VEL E JURISDI\u00c7\u00c3O COMPETENTE<\/strong><\/p>\n<p>Este Aviso Legal ser\u00e1 interpretado e regido de acordo com a legisla\u00e7\u00e3o Portuguesa. No caso de lit\u00edgio, o utilizador renuncia expressamente qualquer outra jurisdi\u00e7\u00e3o que n\u00e3o sejam os tribunais do endere\u00e7o da AvenaDecor.[\/vc_column_text][\/vc_column][\/vc_row]<\/p>\n<\/div>","protected":false},"excerpt":{"rendered":"<p>[vc_row margin_top=&#8221;-70px&#8221;][vc_column][vc_separator color=&#8221;white&#8221; border_width=&#8221;10&#8243;][vc_separator color=&#8221;white&#8221; border_width=&#8221;10&#8243;][\/vc_column][\/vc_row][vc_row][vc_column width=&#8221;1\/3&#8243;][vc_single_image image=&#8221;50193&#8243; img_size=&#8221;medium&#8221; alignment=&#8221;center&#8221; onclick=&#8221;link_image&#8221;][\/vc_column][vc_column width=&#8221;2\/3&#8243;][vc_column_text]Prote\u00e7\u00e3o de dados pessoais A prote\u00e7\u00e3o dos seus dados pessoais \u00e9 muito importante para n\u00f3s e \u00e9 levada a s\u00e9rio no decorrer da sua visita ao nosso site. Tratamos os seus dados com responsabilidade e tomamos todas as medidas necess\u00e1rias para protege-los. Quando recolhemos&hellip;<\/p>\n","protected":false},"author":1,"featured_media":0,"parent":0,"menu_order":6,"comment_status":"closed","ping_status":"closed","template":"","meta":{"footnotes":""},"_links":{"self":[{"href":"https:\/\/avenadecor.pt\/en\/wp-json\/wp\/v2\/pages\/51750"}],"collection":[{"href":"https:\/\/avenadecor.pt\/en\/wp-json\/wp\/v2\/pages"}],"about":[{"href":"https:\/\/avenadecor.pt\/en\/wp-json\/wp\/v2\/types\/page"}],"author":[{"embeddable":true,"href":"https:\/\/avenadecor.pt\/en\/wp-json\/wp\/v2\/users\/1"}],"replies":[{"embeddable":true,"href":"https:\/\/avenadecor.pt\/en\/wp-json\/wp\/v2\/comments?post=51750"}],"version-history":[{"count":2,"href":"https:\/\/avenadecor.pt\/en\/wp-json\/wp\/v2\/pages\/51750\/revisions"}],"predecessor-version":[{"id":54390,"href":"https:\/\/avenadecor.pt\/en\/wp-json\/wp\/v2\/pages\/51750\/revisions\/54390"}],"wp:attachment":[{"href":"https:\/\/avenadecor.pt\/en\/wp-json\/wp\/v2\/media?parent=51750"}],"curies":[{"name":"wp","href":"https:\/\/api.w.org\/{rel}","templated":true}]}}