{"id":51836,"date":"2018-01-28T12:42:30","date_gmt":"2018-01-28T12:42:30","guid":{"rendered":"http:\/\/www.avenadecor.pt\/?page_id=51836"},"modified":"2018-01-28T16:40:14","modified_gmt":"2018-01-28T16:40:14","slug":"serigrafia","status":"publish","type":"page","link":"https:\/\/avenadecor.pt\/es\/servicios\/serigrafia\/","title":{"rendered":"Serigraf\u00eda"},"content":{"rendered":"<div class=\"wpb-content-wrapper\"><p>[vc_row margin_top=\u00bb-70px\u00bb][vc_column][vc_separator color=\u00bbwhite\u00bb border_width=\u00bb10&#8243;]<div id=\"ultimate-heading-671869ea0087d8eeb\" class=\"uvc-heading ult-adjust-bottom-margin ultimate-heading-671869ea0087d8eeb uvc-436 accent-border-color color-title\" data-hspacer=\"line_only\"  data-halign=\"center\" style=\"text-align:center\"><div class=\"uvc-main-heading ult-responsive\"  data-ultimate-target='.uvc-heading.ultimate-heading-671869ea0087d8eeb h1'  data-responsive-json-new='{\"font-size\":\"desktop:36px;\",\"line-height\":\"\"}' ><h1 style=\"--font-weight:theme;margin-bottom:25px;\">Serigraf\u00eda<\/h1><\/div><div class=\"uvc-heading-spacer line_only\" style=\"topheight:3px;\"><span class=\"uvc-headings-line\" style=\"border-style:solid;border-bottom-width:3px;border-color:#ccc;width:100px;\"><\/span><\/div><\/div>[vc_separator color=\u00bbwhite\u00bb border_width=\u00bb10&#8243;][\/vc_column][\/vc_row][vc_row][vc_column width=\u00bb1\/2&#8243;][vc_column_text]<\/p>\n<p align=\"center\"><span id=\"ex1\" class=\"zoom\"><br \/>\n<img decoding=\"async\" loading=\"lazy\" src=\"https:\/\/avenadecor.pt\/wp-content\/uploads\/2017\/06\/gdetalhe-serigrafia.jpg\" alt=\"\" width=\"450\" height=\"600\" \/><br \/>\n<\/span><\/p>\n<p>Pase el mouse sobre la imagen para ver los detalles de nuestro trabajo[\/vc_column_text][\/vc_column][vc_column width=\u00bb1\/2&#8243;][vc_column_text]La serigraf\u00eda consiste en la impresi\u00f3n de im\u00e1genes o textos en la superficie de los envases. Se trata de una t\u00e9cnica de impresi\u00f3n (de dise\u00f1os) en la que las tintas son colocadas sobre la tela de un bastidor, con partes permeables e impermeables \u2013que permiten o no el paso de la tinta\u2013 y, de esta forma, producen un dise\u00f1o sobre la base, cuyo contenido se fija en el vidrio a alt\u00edsimas temperaturas, generando, b\u00e1sicamente, un proceso de pintura y templado.<\/p>\n<p>Ese proceso termina en un horno para que la tinta se fije en el vidrio a temperaturas superiores a 600 grados.[\/vc_column_text][\/vc_column][\/vc_row][vc_row type=\u00bbvc_default\u00bb full_width=\u00bbstretch_row_content_no_spaces\u00bb][vc_column][vc_custom_heading text=\u00bbNuestro trabajo\u00bb font_container=\u00bbtag:h3|text_align:center\u00bb use_theme_fonts=\u00bbyes\u00bb][vc_separator el_width=\u00bb70&#8243;]<div class=\"dt-portfolio-shortcode slider-wrapper  owl-carousel dt-owl-carousel-init arrows-light enable-mobile-arrows description-under-image content-align-left\" data-padding-side=\"20\" data-autoslide=\"true\" data-delay=\"3000\" data-loop=\"false\" data-arrows=\"true\">\n\n<article class=\"post post-52380 dt_portfolio type-dt_portfolio status-publish has-post-thumbnail hentry dt_portfolio_category-serigrafia-es dt_portfolio_category-vino dt_portfolio_category-319 dt_portfolio_category-333\">\n\n\t<div class=\"project-list-media\">\n\t<figure class=\"buttons-on-img rollover-active\">\n\t\t<a href=\"https:\/\/avenadecor.pt\/es\/projetos\/taylor-fladgate\/\" class=\"alignnone rollover layzr-bg\" title=\"Taylor Fladgate\"  aria-label=\"Post image\"><img class=\"preload-me lazy-load aspect\" src=\"data:image\/svg+xml,%3Csvg%20xmlns%3D&#39;http%3A%2F%2Fwww.w3.org%2F2000%2Fsvg&#39;%20viewBox%3D&#39;0%200%20320%20426&#39;%2F%3E\" data-src=\"https:\/\/avenadecor.pt\/wp-content\/uploads\/2017\/05\/Garrafa-67-320x426.jpg\" data-srcset=\"https:\/\/avenadecor.pt\/wp-content\/uploads\/2017\/05\/Garrafa-67-320x426.jpg 320w, https:\/\/avenadecor.pt\/wp-content\/uploads\/2017\/05\/Garrafa-67-640x852.jpg 640w\" loading=\"eager\" style=\"--ratio: 320 \/ 426\" sizes=\"(max-width: 320px) 100vw, 320px\" alt=\"Taylor Fladgate\" width=\"320\" height=\"426\"  \/><\/a>\t\t\t\t<figcaption class=\"rollover-content\">\n\t\t\t<div class=\"links-container\"><a href=\"https:\/\/avenadecor.pt\/wp-content\/uploads\/2017\/05\/Garrafa-67.jpg\" class=\"project-zoom dt-pswp-item dt-single-pswp-popup\" title=\"Taylor Fladgate\" data-dt-img-description=\"\" data-large_image_width=\"675\" data-large_image_height=\"900\" aria-label=\"Portfolio zoom icon\">Lupa<\/a><\/div>\t\t<\/figcaption>\n\t\t\t<\/figure>\n<\/div>\n<div class=\"project-list-content\">\n\t<\/div>\n<\/article>\n\n\n\n<article class=\"post post-52206 dt_portfolio type-dt_portfolio status-publish has-post-thumbnail hentry dt_portfolio_category-agua-zumos-y-otros dt_portfolio_category-serigrafia-es dt_portfolio_category-323 dt_portfolio_category-319\">\n\n\t<div class=\"project-list-media\">\n\t<figure class=\"buttons-on-img rollover-active\">\n\t\t<a href=\"https:\/\/avenadecor.pt\/es\/projetos\/viesk\/\" class=\"alignnone rollover layzr-bg\" title=\"Viesk\"  aria-label=\"Post image\"><img class=\"preload-me lazy-load aspect\" src=\"data:image\/svg+xml,%3Csvg%20xmlns%3D&#39;http%3A%2F%2Fwww.w3.org%2F2000%2Fsvg&#39;%20viewBox%3D&#39;0%200%20320%20426&#39;%2F%3E\" data-src=\"https:\/\/avenadecor.pt\/wp-content\/uploads\/2017\/05\/Garrafa-31-320x426.jpg\" data-srcset=\"https:\/\/avenadecor.pt\/wp-content\/uploads\/2017\/05\/Garrafa-31-320x426.jpg 320w, https:\/\/avenadecor.pt\/wp-content\/uploads\/2017\/05\/Garrafa-31-640x852.jpg 640w\" loading=\"eager\" style=\"--ratio: 320 \/ 426\" sizes=\"(max-width: 320px) 100vw, 320px\" alt=\"Viesk\" width=\"320\" height=\"426\"  \/><\/a>\t\t\t\t<figcaption class=\"rollover-content\">\n\t\t\t<div class=\"links-container\"><a href=\"https:\/\/avenadecor.pt\/wp-content\/uploads\/2017\/05\/Garrafa-31.jpg\" class=\"project-zoom dt-pswp-item dt-single-pswp-popup\" title=\"Viesk\" data-dt-img-description=\"\" data-large_image_width=\"675\" data-large_image_height=\"900\" aria-label=\"Portfolio zoom icon\">Lupa<\/a><\/div>\t\t<\/figcaption>\n\t\t\t<\/figure>\n<\/div>\n<div class=\"project-list-content\">\n\t<\/div>\n<\/article>\n\n\n\n<article class=\"post post-52362 dt_portfolio type-dt_portfolio status-publish has-post-thumbnail hentry dt_portfolio_category-agua-zumos-y-otros dt_portfolio_category-serigrafia-es dt_portfolio_category-323 dt_portfolio_category-319\">\n\n\t<div class=\"project-list-media\">\n\t<figure class=\"buttons-on-img rollover-active\">\n\t\t<a href=\"https:\/\/avenadecor.pt\/es\/projetos\/7up\/\" class=\"alignnone rollover layzr-bg\" title=\"7UP\"  aria-label=\"Post image\"><img class=\"preload-me lazy-load aspect\" src=\"data:image\/svg+xml,%3Csvg%20xmlns%3D&#39;http%3A%2F%2Fwww.w3.org%2F2000%2Fsvg&#39;%20viewBox%3D&#39;0%200%20320%20426&#39;%2F%3E\" data-src=\"https:\/\/avenadecor.pt\/wp-content\/uploads\/2017\/05\/Garrafa-65-320x426.jpg\" data-srcset=\"https:\/\/avenadecor.pt\/wp-content\/uploads\/2017\/05\/Garrafa-65-320x426.jpg 320w, https:\/\/avenadecor.pt\/wp-content\/uploads\/2017\/05\/Garrafa-65-640x852.jpg 640w\" loading=\"eager\" style=\"--ratio: 320 \/ 426\" sizes=\"(max-width: 320px) 100vw, 320px\" alt=\"7UP\" width=\"320\" height=\"426\"  \/><\/a>\t\t\t\t<figcaption class=\"rollover-content\">\n\t\t\t<div class=\"links-container\"><a href=\"https:\/\/avenadecor.pt\/wp-content\/uploads\/2017\/05\/Garrafa-65.jpg\" class=\"project-zoom dt-pswp-item dt-single-pswp-popup\" title=\"7UP\" data-dt-img-description=\"\" data-large_image_width=\"675\" data-large_image_height=\"900\" aria-label=\"Portfolio zoom icon\">Lupa<\/a><\/div>\t\t<\/figcaption>\n\t\t\t<\/figure>\n<\/div>\n<div class=\"project-list-content\">\n\t<\/div>\n<\/article>\n\n\n\n<article class=\"post post-52313 dt_portfolio type-dt_portfolio status-publish has-post-thumbnail hentry dt_portfolio_category-espana dt_portfolio_category-reflejos dt_portfolio_category-serigrafia-es dt_portfolio_category-vino dt_portfolio_category-303 dt_portfolio_category-299 dt_portfolio_category-319 dt_portfolio_category-333\">\n\n\t<div class=\"project-list-media\">\n\t<figure class=\"buttons-on-img rollover-active\">\n\t\t<a href=\"https:\/\/avenadecor.pt\/es\/projetos\/castillo-de-monte-la-reina\/\" class=\"alignnone rollover layzr-bg\" title=\"Castillo de Monte la Reina\"  aria-label=\"Post image\"><img class=\"preload-me lazy-load aspect\" src=\"data:image\/svg+xml,%3Csvg%20xmlns%3D&#39;http%3A%2F%2Fwww.w3.org%2F2000%2Fsvg&#39;%20viewBox%3D&#39;0%200%20320%20426&#39;%2F%3E\" data-src=\"https:\/\/avenadecor.pt\/wp-content\/uploads\/2017\/05\/Garrafa-2-320x426.jpg\" data-srcset=\"https:\/\/avenadecor.pt\/wp-content\/uploads\/2017\/05\/Garrafa-2-320x426.jpg 320w, https:\/\/avenadecor.pt\/wp-content\/uploads\/2017\/05\/Garrafa-2-640x852.jpg 640w\" loading=\"eager\" style=\"--ratio: 320 \/ 426\" sizes=\"(max-width: 320px) 100vw, 320px\" alt=\"Castillo de Monte la Reina\" width=\"320\" height=\"426\"  \/><\/a>\t\t\t\t<figcaption class=\"rollover-content\">\n\t\t\t<div class=\"links-container\"><a href=\"https:\/\/avenadecor.pt\/wp-content\/uploads\/2017\/05\/Garrafa-2.jpg\" class=\"project-zoom dt-pswp-item dt-single-pswp-popup\" title=\"Castillo de Monte la Reina\" data-dt-img-description=\"\" data-large_image_width=\"675\" data-large_image_height=\"900\" aria-label=\"Portfolio zoom icon\">Lupa<\/a><\/div>\t\t<\/figcaption>\n\t\t\t<\/figure>\n<\/div>\n<div class=\"project-list-content\">\n\t<\/div>\n<\/article>\n\n\n\n<article class=\"post post-52091 dt_portfolio type-dt_portfolio status-publish has-post-thumbnail hentry dt_portfolio_category-portugal-es dt_portfolio_category-serigrafia-es dt_portfolio_category-307 dt_portfolio_category-319\">\n\n\t<div class=\"project-list-media\">\n\t<figure class=\"buttons-on-img rollover-active\">\n\t\t<a href=\"https:\/\/avenadecor.pt\/es\/projetos\/expo-vinos\/\" class=\"alignnone rollover layzr-bg\" title=\"Expo Vinos\"  aria-label=\"Post image\"><img class=\"preload-me lazy-load aspect\" src=\"data:image\/svg+xml,%3Csvg%20xmlns%3D&#39;http%3A%2F%2Fwww.w3.org%2F2000%2Fsvg&#39;%20viewBox%3D&#39;0%200%20320%20426&#39;%2F%3E\" data-src=\"https:\/\/avenadecor.pt\/wp-content\/uploads\/2017\/06\/expo-vinos-320x426.jpg\" data-srcset=\"https:\/\/avenadecor.pt\/wp-content\/uploads\/2017\/06\/expo-vinos-320x426.jpg 320w, https:\/\/avenadecor.pt\/wp-content\/uploads\/2017\/06\/expo-vinos-640x852.jpg 640w\" loading=\"eager\" style=\"--ratio: 320 \/ 426\" sizes=\"(max-width: 320px) 100vw, 320px\" alt=\"Expo Vinos\" width=\"320\" height=\"426\"  \/><\/a>\t\t\t\t<figcaption class=\"rollover-content\">\n\t\t\t<div class=\"links-container\"><a href=\"https:\/\/avenadecor.pt\/wp-content\/uploads\/2017\/06\/expo-vinos.jpg\" class=\"project-zoom dt-pswp-item dt-single-pswp-popup\" title=\"Expo Vinos\" data-dt-img-description=\"\" data-large_image_width=\"675\" data-large_image_height=\"900\" aria-label=\"Portfolio zoom icon\">Lupa<\/a><\/div>\t\t<\/figcaption>\n\t\t\t<\/figure>\n<\/div>\n<div class=\"project-list-content\">\n\t<\/div>\n<\/article>\n\n\n\n<article class=\"post post-52355 dt_portfolio type-dt_portfolio status-publish has-post-thumbnail hentry dt_portfolio_category-agua-zumos-y-otros dt_portfolio_category-portugal-es dt_portfolio_category-serigrafia-es dt_portfolio_category-323 dt_portfolio_category-307 dt_portfolio_category-319\">\n\n\t<div class=\"project-list-media\">\n\t<figure class=\"buttons-on-img rollover-active\">\n\t\t<a href=\"https:\/\/avenadecor.pt\/es\/projetos\/agros\/\" class=\"alignnone rollover layzr-bg\" title=\"Agros\"  aria-label=\"Post image\"><img class=\"preload-me lazy-load aspect\" src=\"data:image\/svg+xml,%3Csvg%20xmlns%3D&#39;http%3A%2F%2Fwww.w3.org%2F2000%2Fsvg&#39;%20viewBox%3D&#39;0%200%20320%20426&#39;%2F%3E\" data-src=\"https:\/\/avenadecor.pt\/wp-content\/uploads\/2017\/05\/Garrafa-63-320x426.jpg\" data-srcset=\"https:\/\/avenadecor.pt\/wp-content\/uploads\/2017\/05\/Garrafa-63-320x426.jpg 320w, https:\/\/avenadecor.pt\/wp-content\/uploads\/2017\/05\/Garrafa-63-640x852.jpg 640w\" loading=\"eager\" style=\"--ratio: 320 \/ 426\" sizes=\"(max-width: 320px) 100vw, 320px\" alt=\"Agros\" width=\"320\" height=\"426\"  \/><\/a>\t\t\t\t<figcaption class=\"rollover-content\">\n\t\t\t<div class=\"links-container\"><a href=\"https:\/\/avenadecor.pt\/wp-content\/uploads\/2017\/05\/Garrafa-63.jpg\" class=\"project-zoom dt-pswp-item dt-single-pswp-popup\" title=\"Agros\" data-dt-img-description=\"\" data-large_image_width=\"675\" data-large_image_height=\"900\" aria-label=\"Portfolio zoom icon\">Lupa<\/a><\/div>\t\t<\/figcaption>\n\t\t\t<\/figure>\n<\/div>\n<div class=\"project-list-content\">\n\t<\/div>\n<\/article>\n\n\n\n<article class=\"post post-52461 dt_portfolio type-dt_portfolio status-publish has-post-thumbnail hentry dt_portfolio_category-espana dt_portfolio_category-oleos dt_portfolio_category-serigrafia-es dt_portfolio_category-303 dt_portfolio_category-324 dt_portfolio_category-319\">\n\n\t<div class=\"project-list-media\">\n\t<figure class=\"buttons-on-img rollover-active\">\n\t\t<a href=\"https:\/\/avenadecor.pt\/es\/projetos\/marques-de-grinon\/\" class=\"alignnone rollover layzr-bg\" title=\"Marques de Gri\u00f1on\"  aria-label=\"Post image\"><img class=\"preload-me lazy-load aspect\" src=\"data:image\/svg+xml,%3Csvg%20xmlns%3D&#39;http%3A%2F%2Fwww.w3.org%2F2000%2Fsvg&#39;%20viewBox%3D&#39;0%200%20320%20426&#39;%2F%3E\" data-src=\"https:\/\/avenadecor.pt\/wp-content\/uploads\/2017\/05\/Garrafa-87-320x426.jpg\" data-srcset=\"https:\/\/avenadecor.pt\/wp-content\/uploads\/2017\/05\/Garrafa-87-320x426.jpg 320w, https:\/\/avenadecor.pt\/wp-content\/uploads\/2017\/05\/Garrafa-87-640x852.jpg 640w\" loading=\"eager\" style=\"--ratio: 320 \/ 426\" sizes=\"(max-width: 320px) 100vw, 320px\" alt=\"Marques de Gri\u00f1on\" width=\"320\" height=\"426\"  \/><\/a>\t\t\t\t<figcaption class=\"rollover-content\">\n\t\t\t<div class=\"links-container\"><a href=\"https:\/\/avenadecor.pt\/wp-content\/uploads\/2017\/05\/Garrafa-87.jpg\" class=\"project-zoom dt-pswp-item dt-single-pswp-popup\" title=\"Marques de Gri\u00f1on\" data-dt-img-description=\"\" data-large_image_width=\"675\" data-large_image_height=\"900\" aria-label=\"Portfolio zoom icon\">Lupa<\/a><\/div>\t\t<\/figcaption>\n\t\t\t<\/figure>\n<\/div>\n<div class=\"project-list-content\">\n\t<\/div>\n<\/article>\n\n\n\n<article class=\"post post-52410 dt_portfolio type-dt_portfolio status-publish has-post-thumbnail hentry dt_portfolio_category-oleos dt_portfolio_category-portugal-es dt_portfolio_category-serigrafia-es dt_portfolio_category-324 dt_portfolio_category-307 dt_portfolio_category-319\">\n\n\t<div class=\"project-list-media\">\n\t<figure class=\"buttons-on-img rollover-active\">\n\t\t<a href=\"https:\/\/avenadecor.pt\/es\/projetos\/azouro\/\" class=\"alignnone rollover layzr-bg\" title=\"Azouro\"  aria-label=\"Post image\"><img class=\"preload-me lazy-load aspect\" src=\"data:image\/svg+xml,%3Csvg%20xmlns%3D&#39;http%3A%2F%2Fwww.w3.org%2F2000%2Fsvg&#39;%20viewBox%3D&#39;0%200%20320%20426&#39;%2F%3E\" data-src=\"https:\/\/avenadecor.pt\/wp-content\/uploads\/2017\/05\/Garrafa-84-320x426.jpg\" data-srcset=\"https:\/\/avenadecor.pt\/wp-content\/uploads\/2017\/05\/Garrafa-84-320x426.jpg 320w, https:\/\/avenadecor.pt\/wp-content\/uploads\/2017\/05\/Garrafa-84-640x852.jpg 640w\" loading=\"eager\" style=\"--ratio: 320 \/ 426\" sizes=\"(max-width: 320px) 100vw, 320px\" alt=\"Azouro\" width=\"320\" height=\"426\"  \/><\/a>\t\t\t\t<figcaption class=\"rollover-content\">\n\t\t\t<div class=\"links-container\"><a href=\"https:\/\/avenadecor.pt\/wp-content\/uploads\/2017\/05\/Garrafa-84.jpg\" class=\"project-zoom dt-pswp-item dt-single-pswp-popup\" title=\"Azouro\" data-dt-img-description=\"\" data-large_image_width=\"675\" data-large_image_height=\"900\" aria-label=\"Portfolio zoom icon\">Lupa<\/a><\/div>\t\t<\/figcaption>\n\t\t\t<\/figure>\n<\/div>\n<div class=\"project-list-content\">\n\t<\/div>\n<\/article>\n\n\n\n<article class=\"post post-52528 dt_portfolio type-dt_portfolio status-publish has-post-thumbnail hentry dt_portfolio_category-licores-y-destilados dt_portfolio_category-portugal-es dt_portfolio_category-serigrafia-es dt_portfolio_category-328 dt_portfolio_category-307 dt_portfolio_category-319\">\n\n\t<div class=\"project-list-media\">\n\t<figure class=\"buttons-on-img rollover-active\">\n\t\t<a href=\"https:\/\/avenadecor.pt\/es\/projetos\/jameson\/\" class=\"alignnone rollover layzr-bg\" title=\"Jameson\"  aria-label=\"Post image\"><img class=\"preload-me lazy-load aspect\" src=\"data:image\/svg+xml,%3Csvg%20xmlns%3D&#39;http%3A%2F%2Fwww.w3.org%2F2000%2Fsvg&#39;%20viewBox%3D&#39;0%200%20320%20426&#39;%2F%3E\" data-src=\"https:\/\/avenadecor.pt\/wp-content\/uploads\/2017\/05\/Garrafa-56-320x426.jpg\" data-srcset=\"https:\/\/avenadecor.pt\/wp-content\/uploads\/2017\/05\/Garrafa-56-320x426.jpg 320w, https:\/\/avenadecor.pt\/wp-content\/uploads\/2017\/05\/Garrafa-56-640x852.jpg 640w\" loading=\"eager\" style=\"--ratio: 320 \/ 426\" sizes=\"(max-width: 320px) 100vw, 320px\" alt=\"Jameson\" width=\"320\" height=\"426\"  \/><\/a>\t\t\t\t<figcaption class=\"rollover-content\">\n\t\t\t<div class=\"links-container\"><a href=\"https:\/\/avenadecor.pt\/wp-content\/uploads\/2017\/05\/Garrafa-56.jpg\" class=\"project-zoom dt-pswp-item dt-single-pswp-popup\" title=\"Jameson\" data-dt-img-description=\"\" data-large_image_width=\"675\" data-large_image_height=\"900\" aria-label=\"Portfolio zoom icon\">Lupa<\/a><\/div>\t\t<\/figcaption>\n\t\t\t<\/figure>\n<\/div>\n<div class=\"project-list-content\">\n\t<\/div>\n<\/article>\n\n\n\n<article class=\"post post-52388 dt_portfolio type-dt_portfolio status-publish has-post-thumbnail hentry dt_portfolio_category-agua-zumos-y-otros dt_portfolio_category-portugal-es dt_portfolio_category-serigrafia-es dt_portfolio_category-323 dt_portfolio_category-307 dt_portfolio_category-319\">\n\n\t<div class=\"project-list-media\">\n\t<figure class=\"buttons-on-img rollover-active\">\n\t\t<a href=\"https:\/\/avenadecor.pt\/es\/projetos\/sumol\/\" class=\"alignnone rollover layzr-bg\" title=\"Sumol\"  aria-label=\"Post image\"><img class=\"preload-me lazy-load aspect\" src=\"data:image\/svg+xml,%3Csvg%20xmlns%3D&#39;http%3A%2F%2Fwww.w3.org%2F2000%2Fsvg&#39;%20viewBox%3D&#39;0%200%20320%20426&#39;%2F%3E\" data-src=\"https:\/\/avenadecor.pt\/wp-content\/uploads\/2017\/05\/Garrafa-68-320x426.jpg\" data-srcset=\"https:\/\/avenadecor.pt\/wp-content\/uploads\/2017\/05\/Garrafa-68-320x426.jpg 320w, https:\/\/avenadecor.pt\/wp-content\/uploads\/2017\/05\/Garrafa-68-640x852.jpg 640w\" loading=\"eager\" style=\"--ratio: 320 \/ 426\" sizes=\"(max-width: 320px) 100vw, 320px\" alt=\"Sumol\" width=\"320\" height=\"426\"  \/><\/a>\t\t\t\t<figcaption class=\"rollover-content\">\n\t\t\t<div class=\"links-container\"><a href=\"https:\/\/avenadecor.pt\/wp-content\/uploads\/2017\/05\/Garrafa-68.jpg\" class=\"project-zoom dt-pswp-item dt-single-pswp-popup\" title=\"Sumol\" data-dt-img-description=\"\" data-large_image_width=\"675\" data-large_image_height=\"900\" aria-label=\"Portfolio zoom icon\">Lupa<\/a><\/div>\t\t<\/figcaption>\n\t\t\t<\/figure>\n<\/div>\n<div class=\"project-list-content\">\n\t<\/div>\n<\/article>\n\n<\/div>[\/vc_column][\/vc_row]<\/p>\n<\/div>","protected":false},"excerpt":{"rendered":"<p>[vc_row margin_top=\u00bb-70px\u00bb][vc_column][vc_separator color=\u00bbwhite\u00bb border_width=\u00bb10&#8243;][vc_separator color=\u00bbwhite\u00bb border_width=\u00bb10&#8243;][\/vc_column][\/vc_row][vc_row][vc_column width=\u00bb1\/2&#8243;][vc_column_text] Pase el mouse sobre la imagen para ver los detalles de nuestro trabajo[\/vc_column_text][\/vc_column][vc_column width=\u00bb1\/2&#8243;][vc_column_text]La serigraf\u00eda consiste en la impresi\u00f3n de im\u00e1genes o textos en la superficie de los envases. Se trata de una t\u00e9cnica de impresi\u00f3n (de dise\u00f1os) en la que las tintas son colocadas sobre la tela&hellip;<\/p>\n","protected":false},"author":1,"featured_media":0,"parent":51828,"menu_order":0,"comment_status":"closed","ping_status":"closed","template":"","meta":{"footnotes":""},"_links":{"self":[{"href":"https:\/\/avenadecor.pt\/es\/wp-json\/wp\/v2\/pages\/51836"}],"collection":[{"href":"https:\/\/avenadecor.pt\/es\/wp-json\/wp\/v2\/pages"}],"about":[{"href":"https:\/\/avenadecor.pt\/es\/wp-json\/wp\/v2\/types\/page"}],"author":[{"embeddable":true,"href":"https:\/\/avenadecor.pt\/es\/wp-json\/wp\/v2\/users\/1"}],"replies":[{"embeddable":true,"href":"https:\/\/avenadecor.pt\/es\/wp-json\/wp\/v2\/comments?post=51836"}],"version-history":[{"count":3,"href":"https:\/\/avenadecor.pt\/es\/wp-json\/wp\/v2\/pages\/51836\/revisions"}],"predecessor-version":[{"id":51875,"href":"https:\/\/avenadecor.pt\/es\/wp-json\/wp\/v2\/pages\/51836\/revisions\/51875"}],"up":[{"embeddable":true,"href":"https:\/\/avenadecor.pt\/es\/wp-json\/wp\/v2\/pages\/51828"}],"wp:attachment":[{"href":"https:\/\/avenadecor.pt\/es\/wp-json\/wp\/v2\/media?parent=51836"}],"curies":[{"name":"wp","href":"https:\/\/api.w.org\/{rel}","templated":true}]}}