{"id":51837,"date":"2018-01-28T12:42:54","date_gmt":"2018-01-28T12:42:54","guid":{"rendered":"http:\/\/www.avenadecor.pt\/?page_id=51837"},"modified":"2018-01-28T16:42:22","modified_gmt":"2018-01-28T16:42:22","slug":"calcos","status":"publish","type":"page","link":"https:\/\/avenadecor.pt\/es\/servicios\/calcos\/","title":{"rendered":"Calcos"},"content":{"rendered":"<div class=\"wpb-content-wrapper\"><p>[vc_row margin_top=\u00bb-70px\u00bb][vc_column][vc_separator color=\u00bbwhite\u00bb border_width=\u00bb10&#8243;]<div id=\"ultimate-heading-93769d76faf60744\" class=\"uvc-heading ult-adjust-bottom-margin ultimate-heading-93769d76faf60744 uvc-8137 accent-border-color color-title\" data-hspacer=\"line_only\"  data-halign=\"center\" style=\"text-align:center\"><div class=\"uvc-main-heading ult-responsive\"  data-ultimate-target='.uvc-heading.ultimate-heading-93769d76faf60744 h1'  data-responsive-json-new='{\"font-size\":\"desktop:36px;\",\"line-height\":\"\"}' ><h1 style=\"--font-weight:theme;margin-bottom:25px;\">Calcos<\/h1><\/div><div class=\"uvc-heading-spacer line_only\" style=\"topheight:3px;\"><span class=\"uvc-headings-line\" style=\"border-style:solid;border-bottom-width:3px;border-color:#ccc;width:100px;\"><\/span><\/div><\/div>[vc_separator color=\u00bbwhite\u00bb border_width=\u00bb10&#8243;][\/vc_column][\/vc_row][vc_row][vc_column width=\u00bb1\/2&#8243;][vc_column_text]<\/p>\n<p align=\"center\"><span id=\"ex1\" class=\"zoom\"><br \/>\n<img decoding=\"async\" loading=\"lazy\" src=\"https:\/\/avenadecor.pt\/wp-content\/uploads\/2017\/06\/gdetalhe-decalque.jpg\" alt=\"\" width=\"450\" height=\"600\" \/><br \/>\n<\/span><\/p>\n<p>Pase el mouse sobre la imagen para ver los detalles de nuestro trabajo[\/vc_column_text][\/vc_column][vc_column width=\u00bb1\/2&#8243;][vc_column_text]Cuando el formato del objeto no permita que se realice serigraf\u00eda directa se utilizar\u00e1 el m\u00e9todo de serigraf\u00eda indirecta, mediante calcos.<\/p>\n<p>La serigraf\u00eda indirecta es un proceso manual que consiste en la aplicaci\u00f3n sobre la superficie de vidrio de un calco inorg\u00e1nico u org\u00e1nico, que es una especie de \u201cadhesivo\u201d que permite aplicar detalle con una gran variedad de colores, sin perder la exactitud del arte.[\/vc_column_text][vc_separator color=\u00bbcustom\u00bb border_width=\u00bb10&#8243; accent_color=\u00bb#ffffff\u00bb][vc_single_image image=\u00bb51119&#8243; img_size=\u00bbmedium\u00bb alignment=\u00bbcenter\u00bb onclick=\u00bblink_image\u00bb][\/vc_column][\/vc_row][vc_row type=\u00bbvc_default\u00bb full_width=\u00bbstretch_row_content_no_spaces\u00bb][vc_column][vc_custom_heading text=\u00bbNuestro trabajo\u00bb font_container=\u00bbtag:h3|text_align:center\u00bb use_theme_fonts=\u00bbyes\u00bb][vc_separator el_width=\u00bb70&#8243;]<div class=\"dt-portfolio-shortcode slider-wrapper  owl-carousel dt-owl-carousel-init arrows-light enable-mobile-arrows description-under-image content-align-left\" data-padding-side=\"20\" data-autoslide=\"true\" data-delay=\"3000\" data-loop=\"false\" data-arrows=\"true\">\n\n<article class=\"post post-52211 dt_portfolio type-dt_portfolio status-publish has-post-thumbnail hentry dt_portfolio_category-calcos dt_portfolio_category-licores-y-destilados dt_portfolio_category-313 dt_portfolio_category-328\">\n\n\t<div class=\"project-list-media\">\n\t<figure class=\"buttons-on-img rollover-active\">\n\t\t<a href=\"https:\/\/avenadecor.pt\/es\/projetos\/maynards\/\" class=\"alignnone rollover layzr-bg\" title=\"Maynard&#039;s\"  aria-label=\"Post image\"><img class=\"preload-me lazy-load aspect\" src=\"data:image\/svg+xml,%3Csvg%20xmlns%3D&#39;http%3A%2F%2Fwww.w3.org%2F2000%2Fsvg&#39;%20viewBox%3D&#39;0%200%20320%20426&#39;%2F%3E\" data-src=\"https:\/\/avenadecor.pt\/wp-content\/uploads\/2017\/05\/Garrafa-45-320x426.jpg\" data-srcset=\"https:\/\/avenadecor.pt\/wp-content\/uploads\/2017\/05\/Garrafa-45-320x426.jpg 320w, https:\/\/avenadecor.pt\/wp-content\/uploads\/2017\/05\/Garrafa-45-640x852.jpg 640w\" loading=\"eager\" style=\"--ratio: 320 \/ 426\" sizes=\"(max-width: 320px) 100vw, 320px\" alt=\"Maynard&#039;s\" width=\"320\" height=\"426\"  \/><\/a>\t\t\t\t<figcaption class=\"rollover-content\">\n\t\t\t<div class=\"links-container\"><a href=\"https:\/\/avenadecor.pt\/wp-content\/uploads\/2017\/05\/Garrafa-45.jpg\" class=\"project-zoom dt-pswp-item dt-single-pswp-popup\" title=\"Maynard&#039;s\" data-dt-img-description=\"\" data-large_image_width=\"675\" data-large_image_height=\"900\" aria-label=\"Portfolio zoom icon\">Lupa<\/a><\/div>\t\t<\/figcaption>\n\t\t\t<\/figure>\n<\/div>\n<div class=\"project-list-content\">\n\t<\/div>\n<\/article>\n\n\n\n<article class=\"post post-52643 dt_portfolio type-dt_portfolio status-publish has-post-thumbnail hentry dt_portfolio_category-calcos dt_portfolio_category-licores-y-destilados dt_portfolio_category-pais-es dt_portfolio_category-portugal-es dt_portfolio_category-313 dt_portfolio_category-328 dt_portfolio_category-301 dt_portfolio_category-307\">\n\n\t<div class=\"project-list-media\">\n\t<figure class=\"buttons-on-img rollover-active\">\n\t\t<a href=\"https:\/\/avenadecor.pt\/es\/projetos\/licor-arrabidine\/\" class=\"alignnone rollover layzr-bg\" title=\"Licor Arrabidine\"  aria-label=\"Post image\"><img class=\"preload-me lazy-load aspect\" src=\"data:image\/svg+xml,%3Csvg%20xmlns%3D&#39;http%3A%2F%2Fwww.w3.org%2F2000%2Fsvg&#39;%20viewBox%3D&#39;0%200%20320%20426&#39;%2F%3E\" data-src=\"https:\/\/avenadecor.pt\/wp-content\/uploads\/2017\/05\/Garrafa-38-320x426.jpg\" data-srcset=\"https:\/\/avenadecor.pt\/wp-content\/uploads\/2017\/05\/Garrafa-38-320x426.jpg 320w, https:\/\/avenadecor.pt\/wp-content\/uploads\/2017\/05\/Garrafa-38-640x852.jpg 640w\" loading=\"eager\" style=\"--ratio: 320 \/ 426\" sizes=\"(max-width: 320px) 100vw, 320px\" alt=\"Licor Arrabidine\" width=\"320\" height=\"426\"  \/><\/a>\t\t\t\t<figcaption class=\"rollover-content\">\n\t\t\t<div class=\"links-container\"><a href=\"https:\/\/avenadecor.pt\/wp-content\/uploads\/2017\/05\/Garrafa-38.jpg\" class=\"project-zoom dt-pswp-item dt-single-pswp-popup\" title=\"Licor Arrabidine\" data-dt-img-description=\"\" data-large_image_width=\"675\" data-large_image_height=\"900\" aria-label=\"Portfolio zoom icon\">Lupa<\/a><\/div>\t\t<\/figcaption>\n\t\t\t<\/figure>\n<\/div>\n<div class=\"project-list-content\">\n\t<\/div>\n<\/article>\n\n\n\n<article class=\"post post-52637 dt_portfolio type-dt_portfolio status-publish has-post-thumbnail hentry dt_portfolio_category-calcos dt_portfolio_category-licores-y-destilados dt_portfolio_category-313 dt_portfolio_category-328\">\n\n\t<div class=\"project-list-media\">\n\t<figure class=\"buttons-on-img rollover-active\">\n\t\t<a href=\"https:\/\/avenadecor.pt\/es\/projetos\/c-n-kopke-aguardente-vinica\/\" class=\"alignnone rollover layzr-bg\" title=\"C.N. KOPKE Aguardente Vinica\"  aria-label=\"Post image\"><img class=\"preload-me lazy-load aspect\" src=\"data:image\/svg+xml,%3Csvg%20xmlns%3D&#39;http%3A%2F%2Fwww.w3.org%2F2000%2Fsvg&#39;%20viewBox%3D&#39;0%200%20320%20426&#39;%2F%3E\" data-src=\"https:\/\/avenadecor.pt\/wp-content\/uploads\/2017\/05\/Garrafa-39-320x426.jpg\" data-srcset=\"https:\/\/avenadecor.pt\/wp-content\/uploads\/2017\/05\/Garrafa-39-320x426.jpg 320w, https:\/\/avenadecor.pt\/wp-content\/uploads\/2017\/05\/Garrafa-39-640x852.jpg 640w\" loading=\"eager\" style=\"--ratio: 320 \/ 426\" sizes=\"(max-width: 320px) 100vw, 320px\" alt=\"C.N. KOPKE Aguardente Vinica\" width=\"320\" height=\"426\"  \/><\/a>\t\t\t\t<figcaption class=\"rollover-content\">\n\t\t\t<div class=\"links-container\"><a href=\"https:\/\/avenadecor.pt\/wp-content\/uploads\/2017\/05\/Garrafa-39.jpg\" class=\"project-zoom dt-pswp-item dt-single-pswp-popup\" title=\"C.N. KOPKE Aguardente Vinica\" data-dt-img-description=\"\" data-large_image_width=\"675\" data-large_image_height=\"900\" aria-label=\"Portfolio zoom icon\">Lupa<\/a><\/div>\t\t<\/figcaption>\n\t\t\t<\/figure>\n<\/div>\n<div class=\"project-list-content\">\n\t<\/div>\n<\/article>\n\n\n\n<article class=\"post post-52187 dt_portfolio type-dt_portfolio status-publish has-post-thumbnail hentry dt_portfolio_category-calcos dt_portfolio_category-licores-y-destilados dt_portfolio_category-313 dt_portfolio_category-328\">\n\n\t<div class=\"project-list-media\">\n\t<figure class=\"buttons-on-img rollover-active\">\n\t\t<a href=\"https:\/\/avenadecor.pt\/es\/projetos\/valley\/\" class=\"alignnone rollover layzr-bg\" title=\"Valley\"  aria-label=\"Post image\"><img class=\"preload-me lazy-load aspect\" src=\"data:image\/svg+xml,%3Csvg%20xmlns%3D&#39;http%3A%2F%2Fwww.w3.org%2F2000%2Fsvg&#39;%20viewBox%3D&#39;0%200%20320%20426&#39;%2F%3E\" data-src=\"https:\/\/avenadecor.pt\/wp-content\/uploads\/2017\/05\/Garrafa-44-320x426.jpg\" data-srcset=\"https:\/\/avenadecor.pt\/wp-content\/uploads\/2017\/05\/Garrafa-44-320x426.jpg 320w, https:\/\/avenadecor.pt\/wp-content\/uploads\/2017\/05\/Garrafa-44-640x852.jpg 640w\" loading=\"eager\" style=\"--ratio: 320 \/ 426\" sizes=\"(max-width: 320px) 100vw, 320px\" alt=\"Valley\" width=\"320\" height=\"426\"  \/><\/a>\t\t\t\t<figcaption class=\"rollover-content\">\n\t\t\t<div class=\"links-container\"><a href=\"https:\/\/avenadecor.pt\/wp-content\/uploads\/2017\/05\/Garrafa-44.jpg\" class=\"project-zoom dt-pswp-item dt-single-pswp-popup\" title=\"Valley\" data-dt-img-description=\"\" data-large_image_width=\"675\" data-large_image_height=\"900\" aria-label=\"Portfolio zoom icon\">Lupa<\/a><\/div>\t\t<\/figcaption>\n\t\t\t<\/figure>\n<\/div>\n<div class=\"project-list-content\">\n\t<\/div>\n<\/article>\n\n\n\n<article class=\"post post-52183 dt_portfolio type-dt_portfolio status-publish has-post-thumbnail hentry dt_portfolio_category-calcos dt_portfolio_category-perfumeria dt_portfolio_category-313 dt_portfolio_category-330\">\n\n\t<div class=\"project-list-media\">\n\t<figure class=\"buttons-on-img rollover-active\">\n\t\t<a href=\"https:\/\/avenadecor.pt\/es\/projetos\/fragance-studio\/\" class=\"alignnone rollover layzr-bg\" title=\"Fragance Studio\"  aria-label=\"Post image\"><img class=\"preload-me lazy-load aspect\" src=\"data:image\/svg+xml,%3Csvg%20xmlns%3D&#39;http%3A%2F%2Fwww.w3.org%2F2000%2Fsvg&#39;%20viewBox%3D&#39;0%200%20320%20426&#39;%2F%3E\" data-src=\"https:\/\/avenadecor.pt\/wp-content\/uploads\/2017\/05\/Garrafa-96-320x426.jpg\" data-srcset=\"https:\/\/avenadecor.pt\/wp-content\/uploads\/2017\/05\/Garrafa-96-320x426.jpg 320w, https:\/\/avenadecor.pt\/wp-content\/uploads\/2017\/05\/Garrafa-96-640x852.jpg 640w\" loading=\"eager\" style=\"--ratio: 320 \/ 426\" sizes=\"(max-width: 320px) 100vw, 320px\" alt=\"Fragance Studio\" width=\"320\" height=\"426\"  \/><\/a>\t\t\t\t<figcaption class=\"rollover-content\">\n\t\t\t<div class=\"links-container\"><a href=\"https:\/\/avenadecor.pt\/wp-content\/uploads\/2017\/05\/Garrafa-96.jpg\" class=\"project-zoom dt-pswp-item dt-single-pswp-popup\" title=\"Fragance Studio\" data-dt-img-description=\"\" data-large_image_width=\"675\" data-large_image_height=\"900\" aria-label=\"Portfolio zoom icon\">Lupa<\/a><\/div>\t\t<\/figcaption>\n\t\t\t<\/figure>\n<\/div>\n<div class=\"project-list-content\">\n\t<\/div>\n<\/article>\n\n<\/div>[\/vc_column][\/vc_row]<\/p>\n<\/div>","protected":false},"excerpt":{"rendered":"<p>[vc_row margin_top=\u00bb-70px\u00bb][vc_column][vc_separator color=\u00bbwhite\u00bb border_width=\u00bb10&#8243;][vc_separator color=\u00bbwhite\u00bb border_width=\u00bb10&#8243;][\/vc_column][\/vc_row][vc_row][vc_column width=\u00bb1\/2&#8243;][vc_column_text] Pase el mouse sobre la imagen para ver los detalles de nuestro trabajo[\/vc_column_text][\/vc_column][vc_column width=\u00bb1\/2&#8243;][vc_column_text]Cuando el formato del objeto no permita que se realice serigraf\u00eda directa se utilizar\u00e1 el m\u00e9todo de serigraf\u00eda indirecta, mediante calcos. La serigraf\u00eda indirecta es un proceso manual que consiste en la aplicaci\u00f3n sobre la&hellip;<\/p>\n","protected":false},"author":1,"featured_media":0,"parent":51828,"menu_order":1,"comment_status":"closed","ping_status":"closed","template":"","meta":{"footnotes":""},"_links":{"self":[{"href":"https:\/\/avenadecor.pt\/es\/wp-json\/wp\/v2\/pages\/51837"}],"collection":[{"href":"https:\/\/avenadecor.pt\/es\/wp-json\/wp\/v2\/pages"}],"about":[{"href":"https:\/\/avenadecor.pt\/es\/wp-json\/wp\/v2\/types\/page"}],"author":[{"embeddable":true,"href":"https:\/\/avenadecor.pt\/es\/wp-json\/wp\/v2\/users\/1"}],"replies":[{"embeddable":true,"href":"https:\/\/avenadecor.pt\/es\/wp-json\/wp\/v2\/comments?post=51837"}],"version-history":[{"count":4,"href":"https:\/\/avenadecor.pt\/es\/wp-json\/wp\/v2\/pages\/51837\/revisions"}],"predecessor-version":[{"id":51878,"href":"https:\/\/avenadecor.pt\/es\/wp-json\/wp\/v2\/pages\/51837\/revisions\/51878"}],"up":[{"embeddable":true,"href":"https:\/\/avenadecor.pt\/es\/wp-json\/wp\/v2\/pages\/51828"}],"wp:attachment":[{"href":"https:\/\/avenadecor.pt\/es\/wp-json\/wp\/v2\/media?parent=51837"}],"curies":[{"name":"wp","href":"https:\/\/api.w.org\/{rel}","templated":true}]}}