{"id":51842,"date":"2018-01-28T12:44:57","date_gmt":"2018-01-28T12:44:57","guid":{"rendered":"http:\/\/www.avenadecor.pt\/?page_id=51842"},"modified":"2025-05-27T10:26:43","modified_gmt":"2025-05-27T09:26:43","slug":"sostenibilidad","status":"publish","type":"page","link":"https:\/\/avenadecor.pt\/es\/sostenibilidad\/","title":{"rendered":"Sostenibilidad"},"content":{"rendered":"<div class=\"wpb-content-wrapper\"><p>[vc_row][vc_column width=\u00bb1\/6&#8243;][vc_separator color=\u00bbwhite\u00bb border_width=\u00bb10&#8243;][\/vc_column][vc_column width=\u00bb2\/3&#8243;][vc_separator color=\u00bbwhite\u00bb border_width=\u00bb10&#8243;]<div id=\"ultimate-heading-919869ea0086733dd\" class=\"uvc-heading ult-adjust-bottom-margin ultimate-heading-919869ea0086733dd uvc-9000 accent-border-color color-title uvc-heading-default-font-sizes\" data-hspacer=\"line_only\"  data-halign=\"center\" style=\"text-align:center\"><div class=\"uvc-main-heading ult-responsive\"  data-ultimate-target='.uvc-heading.ultimate-heading-919869ea0086733dd h2'  data-responsive-json-new='{\"font-size\":\"\",\"line-height\":\"\"}' ><h2 style=\"--font-weight:theme;margin-bottom:25px;\">Pol\u00edtica de Calidad y SOSTENIBILIDAD<\/h2><\/div><div class=\"uvc-heading-spacer line_only\" style=\"topheight:3px;\"><span class=\"uvc-headings-line\" style=\"border-style:solid;border-bottom-width:3px;border-color:#ccc;width:100px;\"><\/span><\/div><\/div>[vc_separator color=\u00bbwhite\u00bb border_width=\u00bb10&#8243;][vc_column_text]Como empresa de referencia en la decoraci\u00f3n de art\u00edculos de vidrio en la Pen\u00ednsula Ib\u00e9rica, Avenadecor SA asume el compromiso con los principios orientadores del desarrollo sostenible.<\/p>\n<p>El respeto a estos principios se traduce en el imperativo de garantizar, en cada momento, la creaci\u00f3n de valor y, de esa forma, la satisfacci\u00f3n de nuestros clientes, empleados y accionistas, as\u00ed como de las entidades terceras con las que colaboramos.[\/vc_column_text][vc_separator color=\u00bbwhite\u00bb border_width=\u00bb10&#8243;][vc_tta_accordion style=\u00bbflat\u00bb shape=\u00bbsquare\u00bb color=\u00bbgreen\u00bb spacing=\u00bb5&#8243; gap=\u00bb10&#8243; c_icon=\u00bbchevron\u00bb active_section=\u00bb-1&#8243; css_animation=\u00bbnone\u00bb no_fill=\u00bbtrue\u00bb collapsible_all=\u00bbtrue\u00bb][vc_tta_section title=\u00bbPrestaci\u00f3n de servicios\u00bb tab_id=\u00bb1500131965435-c20fad07-5ce9&#8243;][vc_column_text]Un modelo de prestaci\u00f3n de servicios apoyado en la b\u00fasqueda continua de soluciones para dar respuesta a las necesidades de nuestros clientes.<\/p>\n<p>La protecci\u00f3n y seguridad del producto y la informaci\u00f3n, como soporte a la eficiencia del servicio prestado a nuestros clientes, apoyada en la integridad, disponibilidad de infraestructuras, sistemas de informaci\u00f3n y en la confidencialidad de la informaci\u00f3n del cliente.[\/vc_column_text][\/vc_tta_section][vc_tta_section title=\u00bbEficiencia ambiental\u00bb tab_id=\u00bb1500131967558-18d8224d-964d\u00bb][vc_column_text]Ladentificaci\u00f3n de los aspectos que permite evaluar los impactos y priorizar las acciones destinadas a minimizar y controlar cualquier posible incidencia.<\/p>\n<p>La promoci\u00f3n de la utilizaci\u00f3n sostenible de recursos naturales, en especial la energ\u00eda y el agua, junto con la prevenci\u00f3n de la contaminaci\u00f3n y la reducci\u00f3n, reutilizaci\u00f3n y reciclaje de los residuos producidos.[\/vc_column_text][\/vc_tta_section][vc_tta_section title=\u00bbSeguridad y salud en el trabajo\u00bb tab_id=\u00bb1500132019200-801ebd46-9400&#8243;][vc_column_text]La identificaci\u00f3n de los peligros a los que se encuentran expuestos los profesionales, en el \u00e1mbito de la seguridad y salud en el trabajo, con objeto de evaluar los riesgos y priorizar las acciones destinadas a minimizar y controlar cualquier posible incidencia.<\/p>\n<p>La prevenci\u00f3n de la aparici\u00f3n de lesiones, incidentes, accidentes y enfermedades profesionales.[\/vc_column_text][\/vc_tta_section][vc_tta_section title=\u00bbRequisitos legales\u00bb tab_id=\u00bb1500132043536-0f9c8de7-f9cd\u00bb][vc_column_text]El cumplimiento de la normativa legal aplicable vigente, as\u00ed como otros requisitos que sean obligatorios.[\/vc_column_text][\/vc_tta_section][vc_tta_section title=\u00bbMejora continua\u00bb tab_id=\u00bb1500132061310-90a5d775-51de\u00bb][vc_column_text]El establecimiento de una cultura de mejora continua que consolida la gesti\u00f3n de los procesos y promueve la eficiencia del modelo de gesti\u00f3n.[\/vc_column_text][\/vc_tta_section][\/vc_tta_accordion][\/vc_column][vc_column width=\u00bb1\/6&#8243;][\/vc_column][\/vc_row]<\/p>\n<\/div>","protected":false},"excerpt":{"rendered":"<p>[vc_row][vc_column width=\u00bb1\/6&#8243;][vc_separator color=\u00bbwhite\u00bb border_width=\u00bb10&#8243;][\/vc_column][vc_column width=\u00bb2\/3&#8243;][vc_separator color=\u00bbwhite\u00bb border_width=\u00bb10&#8243;][vc_separator color=\u00bbwhite\u00bb border_width=\u00bb10&#8243;][vc_column_text]Como empresa de referencia en la decoraci\u00f3n de art\u00edculos de vidrio en la Pen\u00ednsula Ib\u00e9rica, Avenadecor SA asume el compromiso con los principios orientadores del desarrollo sostenible. El respeto a estos principios se traduce en el imperativo de garantizar, en cada momento, la creaci\u00f3n de valor y,&hellip;<\/p>\n","protected":false},"author":1,"featured_media":0,"parent":0,"menu_order":3,"comment_status":"closed","ping_status":"closed","template":"","meta":{"footnotes":""},"_links":{"self":[{"href":"https:\/\/avenadecor.pt\/es\/wp-json\/wp\/v2\/pages\/51842"}],"collection":[{"href":"https:\/\/avenadecor.pt\/es\/wp-json\/wp\/v2\/pages"}],"about":[{"href":"https:\/\/avenadecor.pt\/es\/wp-json\/wp\/v2\/types\/page"}],"author":[{"embeddable":true,"href":"https:\/\/avenadecor.pt\/es\/wp-json\/wp\/v2\/users\/1"}],"replies":[{"embeddable":true,"href":"https:\/\/avenadecor.pt\/es\/wp-json\/wp\/v2\/comments?post=51842"}],"version-history":[{"count":12,"href":"https:\/\/avenadecor.pt\/es\/wp-json\/wp\/v2\/pages\/51842\/revisions"}],"predecessor-version":[{"id":55101,"href":"https:\/\/avenadecor.pt\/es\/wp-json\/wp\/v2\/pages\/51842\/revisions\/55101"}],"wp:attachment":[{"href":"https:\/\/avenadecor.pt\/es\/wp-json\/wp\/v2\/media?parent=51842"}],"curies":[{"name":"wp","href":"https:\/\/api.w.org\/{rel}","templated":true}]}}