{"id":51851,"date":"2018-01-28T12:47:17","date_gmt":"2018-01-28T12:47:17","guid":{"rendered":"http:\/\/www.avenadecor.pt\/?page_id=51851"},"modified":"2018-01-28T12:47:17","modified_gmt":"2018-01-28T12:47:17","slug":"resolucao-de-conflitos","status":"publish","type":"page","link":"https:\/\/avenadecor.pt\/es\/resolucao-de-conflitos\/","title":{"rendered":"Resolu\u00e7\u00e3o de Conflitos"},"content":{"rendered":"<div class=\"wpb-content-wrapper\"><p>[vc_row margin_top=\u00bb-70px\u00bb][vc_column][vc_separator color=\u00bbwhite\u00bb border_width=\u00bb10&#8243;]<div id=\"ultimate-heading-680769ea00a2b34fe\" class=\"uvc-heading ult-adjust-bottom-margin ultimate-heading-680769ea00a2b34fe uvc-7810 accent-border-color color-title\" data-hspacer=\"line_only\"  data-halign=\"center\" style=\"text-align:center\"><div class=\"uvc-main-heading ult-responsive\"  data-ultimate-target='.uvc-heading.ultimate-heading-680769ea00a2b34fe h1'  data-responsive-json-new='{\"font-size\":\"desktop:36px;\",\"line-height\":\"\"}' ><h1 style=\"--font-weight:theme;margin-bottom:25px;\">Resolu\u00e7\u00e3o de Conflitos<\/h1><\/div><div class=\"uvc-heading-spacer line_only\" style=\"topheight:3px;\"><span class=\"uvc-headings-line\" style=\"border-style:solid;border-bottom-width:3px;border-color:#ccc;width:100px;\"><\/span><\/div><\/div>[vc_separator color=\u00bbwhite\u00bb border_width=\u00bb10&#8243;][\/vc_column][\/vc_row][vc_row][vc_column width=\u00bb1\/3&#8243;][vc_single_image image=\u00bb50193&#8243; img_size=\u00bbmedium\u00bb alignment=\u00bbcenter\u00bb onclick=\u00bblink_image\u00bb][\/vc_column][vc_column width=\u00bb2\/3&#8243;][vc_column_text]<strong>AVISO<\/strong><\/p>\n<p>Em caso de lit\u00edgio o consumidor pode recorrer aos seguintes Centros de Arbitragem:<\/p>\n<p>Centro Nacional de Informa\u00e7\u00e3o e Arbitragem de Conflitos de Consumo (CNIACC) com s\u00edtio electr\u00f3nico em <a href=\"http:\/\/www.arbitragemdeconsumo.org\/\">www.arbitragemdeconsumo.org<\/a>;<\/p>\n<p>Centro de Informa\u00e7\u00e3o e Arbitragem do Vale do Ave (CIAVE) \u2013 Guimar\u00e3es, com s\u00edtio electr\u00f3nico em <a href=\"http:\/\/www.triave.pt\/\">www.triave.pt<\/a>;<\/p>\n<p>Centro de Informa\u00e7\u00e3o, Media\u00e7\u00e3o e Arbitragem de Consumo do Algarve (CIMAAL), com s\u00edtio electr\u00f3nico em <a href=\"http:\/\/www.consumidoronline.pt\/\">www.consumidoronline.pt<\/a>;<\/p>\n<p>Centro de Informa\u00e7\u00e3o e Arbitragem do Vale do C\u00e1vado (CIAB) \u2013 Braga, com s\u00edtio electr\u00f3nico em site:<a href=\"http:\/\/www.ciab.pt\/\"> www.ciab.pt<\/a>;<\/p>\n<p>Centro de Arbitragem de conflitos de consumo da Regi\u00e3o Aut\u00f3noma da Madeira (CACRAM), com s\u00edtio electr\u00f3nico em <a href=\"http:\/\/www.srrh.gov-madeira.pt\/Default.aspx?alias=www.srrh.gov-madeira.pt\/cacc\">www.srrh.gov-madeira.pt\/Default.aspx?alias=www.srrh.gov-madeira.pt\/cacc<\/a>;<\/p>\n<p>Centro de Arbitragem de Conflitos de Consumo de Lisboa (CACCL), com s\u00edtio electr\u00f3nico em <a href=\"http:\/\/www.centroarbitragemlisboa.pt\/\">www.centroarbitragemlisboa.pt<\/a>;<\/p>\n<p>Centro de Arbitragem de Conflitos de Consumo do Distrito de Coimbra (CACCDC), com s\u00edtio electr\u00f3nico em <a href=\"http:\/\/www.centrodearbitragemdecoimbra.com\/\">www.centrodearbitragemdecoimbra.com<\/a>;<\/p>\n<p>Centro de Informa\u00e7\u00e3o de Consumo e Arbitragem do Porto (CICAP), com s\u00edtio electr\u00f3nico em <a href=\"http:\/\/www.cicap.pt\/\">www.cicap.pt<\/a>.[\/vc_column_text][\/vc_column][\/vc_row]<\/p>\n<\/div>","protected":false},"excerpt":{"rendered":"<p>[vc_row margin_top=\u00bb-70px\u00bb][vc_column][vc_separator color=\u00bbwhite\u00bb border_width=\u00bb10&#8243;][vc_separator color=\u00bbwhite\u00bb border_width=\u00bb10&#8243;][\/vc_column][\/vc_row][vc_row][vc_column width=\u00bb1\/3&#8243;][vc_single_image image=\u00bb50193&#8243; img_size=\u00bbmedium\u00bb alignment=\u00bbcenter\u00bb onclick=\u00bblink_image\u00bb][\/vc_column][vc_column width=\u00bb2\/3&#8243;][vc_column_text]AVISO Em caso de lit\u00edgio o consumidor pode recorrer aos seguintes Centros de Arbitragem: Centro Nacional de Informa\u00e7\u00e3o e Arbitragem de Conflitos de Consumo (CNIACC) com s\u00edtio electr\u00f3nico em www.arbitragemdeconsumo.org; Centro de Informa\u00e7\u00e3o e Arbitragem do Vale do Ave (CIAVE) \u2013 Guimar\u00e3es, com s\u00edtio&hellip;<\/p>\n","protected":false},"author":1,"featured_media":0,"parent":0,"menu_order":7,"comment_status":"closed","ping_status":"closed","template":"","meta":{"footnotes":""},"_links":{"self":[{"href":"https:\/\/avenadecor.pt\/es\/wp-json\/wp\/v2\/pages\/51851"}],"collection":[{"href":"https:\/\/avenadecor.pt\/es\/wp-json\/wp\/v2\/pages"}],"about":[{"href":"https:\/\/avenadecor.pt\/es\/wp-json\/wp\/v2\/types\/page"}],"author":[{"embeddable":true,"href":"https:\/\/avenadecor.pt\/es\/wp-json\/wp\/v2\/users\/1"}],"replies":[{"embeddable":true,"href":"https:\/\/avenadecor.pt\/es\/wp-json\/wp\/v2\/comments?post=51851"}],"version-history":[{"count":1,"href":"https:\/\/avenadecor.pt\/es\/wp-json\/wp\/v2\/pages\/51851\/revisions"}],"predecessor-version":[{"id":51853,"href":"https:\/\/avenadecor.pt\/es\/wp-json\/wp\/v2\/pages\/51851\/revisions\/51853"}],"wp:attachment":[{"href":"https:\/\/avenadecor.pt\/es\/wp-json\/wp\/v2\/media?parent=51851"}],"curies":[{"name":"wp","href":"https:\/\/api.w.org\/{rel}","templated":true}]}}