{"id":54386,"date":"2021-09-07T13:56:29","date_gmt":"2021-09-07T12:56:29","guid":{"rendered":"https:\/\/avenadecor.pt\/politica-de-cokies\/"},"modified":"2025-05-27T10:23:48","modified_gmt":"2025-05-27T09:23:48","slug":"politica-de-cokies","status":"publish","type":"page","link":"https:\/\/avenadecor.pt\/es\/politica-de-cokies\/","title":{"rendered":"Pol\u00edtica de Cookies"},"content":{"rendered":"<div class=\"wpb-content-wrapper\"><p>[vc_row margin_top=\u00bb-70px\u00bb][vc_column][vc_separator color=\u00bbwhite\u00bb border_width=\u00bb10&#8243;]<div id=\"ultimate-heading-122169ea0086d9ca4\" class=\"uvc-heading ult-adjust-bottom-margin ultimate-heading-122169ea0086d9ca4 uvc-7488 accent-border-color color-title\" data-hspacer=\"line_only\"  data-halign=\"center\" style=\"text-align:center\"><div class=\"uvc-main-heading ult-responsive\"  data-ultimate-target='.uvc-heading.ultimate-heading-122169ea0086d9ca4 h1'  data-responsive-json-new='{\"font-size\":\"desktop:36px;\",\"line-height\":\"\"}' ><h1 style=\"--font-weight:theme;margin-bottom:25px;\">Pol\u00edtica de Privacidade<\/h1><\/div><div class=\"uvc-heading-spacer line_only\" style=\"topheight:3px;\"><span class=\"uvc-headings-line\" style=\"border-style:solid;border-bottom-width:3px;border-color:#ccc;width:100px;\"><\/span><\/div><\/div>[vc_separator color=\u00bbwhite\u00bb border_width=\u00bb10&#8243;][\/vc_column][\/vc_row][vc_row][vc_column width=\u00bb1\/3&#8243;][vc_single_image image=\u00bb50193&#8243; img_size=\u00bbmedium\u00bb alignment=\u00bbcenter\u00bb onclick=\u00bblink_image\u00bb][\/vc_column][vc_column width=\u00bb2\/3&#8243;][vc_column_text]<strong>O que s\u00e3o Cookies?<\/strong><br \/>\nOs cookies s\u00e3o pequenos ficheiros de texto instalados no computador em sites da Internet que visitamos. S\u00e3o amplamente utilizados para garantir o bom funcionamento dos sites, permitem uma navega\u00e7\u00e3o mais r\u00e1pida e eficiente e tamb\u00e9m fornecem informa\u00e7\u00f5es aos propriet\u00e1rios do website.<\/p>\n<p><strong>Como e porqu\u00ea s\u00e3o utilizados Cookies?<\/strong><br \/>\nOs cookies t\u00eam como objetivo otimizar a utiliza\u00e7\u00e3o e funcionalidade dos nossos sites, entender melhor o comportamento dos visitantes nos nossos sites e identificar as ferramentas e os servi\u00e7os que estes oferecem. O armazenamento de cookies no seu computador constitui uma forma f\u00e1cil e conveniente de personalizar ou melhorar a sua experi\u00eancia nos nossos sites, bem como para tornar mais agrad\u00e1vel a sua visita. N\u00e3o nos servimos dos cookies para a recolha de informa\u00e7\u00f5es pessoais como, por exemplo, o seu nome; no entanto, podemos ligar informa\u00e7\u00f5es contidas num cookie a informa\u00e7\u00f5es pessoais suas recolhidas por outros meios (ex., inscri\u00e7\u00e3o de sites em geral).<\/p>\n<p><strong>Quais os tipos de Cookies utilizados?<\/strong><br \/>\nAo visitar este site, s\u00e3o utilizados um ou mais dos seguintes tipos de Cookies.<\/p>\n<p><strong>Que tipo de cookies existem?<\/strong><\/p>\n<p>Existem dois grupos cookies que podem ser utilizados:<\/p>\n<p>Cookies permanentes \u2013 s\u00e3o cookies que ficam armazenados ao n\u00edvel do browser nos equipamentos de acesso (PC, mobile e tablet) e que s\u00e3o utilizados sempre que faz uma nova visita ao nosso site. S\u00e3o utilizados, geralmente, para direcionar a navega\u00e7\u00e3o aos interesses do utilizador, permitindo prestar um servi\u00e7o mais personalizado.<\/p>\n<p>Cookies de sess\u00e3o \u2013 s\u00e3o cookies tempor\u00e1rios que permanecem no arquivo de cookies do browser at\u00e9 sair do website. A informa\u00e7\u00e3o obtida por estes cookies serve para analisar padr\u00f5es de tr\u00e1fego na web, permitindo identificar problemas e fornecer uma melhor experiencia de navega\u00e7\u00e3o.<\/p>\n<p><strong>Para que fins utilizamos cookies?<\/strong><\/p>\n<p>Cookies estritamente necess\u00e1rios \u2013 Permitem a navega\u00e7\u00e3o no website e utiliza\u00e7\u00e3o das aplica\u00e7\u00f5es, bem como aceder a \u00e1reas seguras do website. Sem estes cookies, os servi\u00e7os requeridos n\u00e3o podem ser prestados.<\/p>\n<p>Cookies anal\u00edticos \u2013 S\u00e3o utilizados anonimamente para efeitos de cria\u00e7\u00e3o e an\u00e1lise de estat\u00edsticas, no sentido de melhorar o funcionamento do website.<\/p>\n<p>Cookies de funcionalidade \u2013 Guardam as prefer\u00eancias do utilizador relativamente \u00e0 utiliza\u00e7\u00e3o do site, para que n\u00e3o seja necess\u00e1rio voltar a configurar o site cada vez que o visita.<\/p>\n<p>Cookies de terceiros \u2013 Medem o sucesso de aplica\u00e7\u00f5es e a efic\u00e1cia da publicidade de terceiros. Podem tamb\u00e9m ser utilizados no sentido de personalizar um widget com dados do utilizador.<\/p>\n<p>Cookies de publicidade \u2013 Direcionam a publicidade em fun\u00e7\u00e3o dos interesses de cada utilizador, por forma a direcionar as campanhas publicit\u00e1rias tendo em conta os gostos dos utilizadores, sendo que, al\u00e9m disso, limitam a quantidade de vezes que v\u00ea o an\u00fancio, ajudando a medir a efic\u00e1cia da publicidade e o sucesso da organiza\u00e7\u00e3o do website.<\/p>\n<p><strong>Como posso bloquear o uso de Cookies?<\/strong><br \/>\nA qualquer altura, poder\u00e1 efetuar altera\u00e7\u00f5es \u00e0s configura\u00e7\u00f5es dos seus cookies. Deve, para tal, seguir as instru\u00e7\u00f5es apresentadas abaixo. Ao desactivar os cookies o site pode n\u00e3o funcionar correctamente.<br \/>\nComo pode activar e desactivar os cookies no navegador de internet (browser)<\/p>\n<p><strong>Google Chrome<\/strong><br \/>\nO utilizador tem controlo total sobre as permiss\u00f5es de cookies no Google Chrome. Por pr\u00e9-defini\u00e7\u00e3o, s\u00e3o permitidos todos os cookies, mas pode ajustar esta defini\u00e7\u00e3o. Se os cookies tiverem sido definidos ou bloqueados na p\u00e1gina que estiver a visualizar, \u00e9 apresentado um \u00edcone no final da barra de endere\u00e7o.<\/p>\n<p>Clique no menu do Chrome na barra de ferramentas<br \/>\nSeleccione \u201cDefini\u00e7\u00f5es\u201d<br \/>\nClique em \u201cMostrar defini\u00e7\u00f5es avan\u00e7adas\u201d<br \/>\nNa sec\u00e7\u00e3o \u201cPrivacidade\u201d, clique no bot\u00e3o \u201cDefini\u00e7\u00f5es de conte\u00fado\u201d<br \/>\nSeleccione a op\u00e7\u00e3o \u201cBloquear defini\u00e7\u00e3o dos dados por parte dos sites\u201d<br \/>\nPode alterar as seguintes defini\u00e7\u00f5es de cookies na sec\u00e7\u00e3o \u201cCookies\u201d:<br \/>\n\u2013 Eliminar cookies<br \/>\n\u2013 Bloquear cookies por pr\u00e9-defini\u00e7\u00e3o<br \/>\n\u2013 Permitir cookies por pr\u00e9-defini\u00e7\u00e3o<br \/>\n\u2013 Manter cookies e dados do website por pr\u00e9-defini\u00e7\u00e3o at\u00e9 sair do navegador<br \/>\n\u2013 Criar excep\u00e7\u00f5es para cookies de websites ou dom\u00ednios espec\u00edficos<br \/>\nNota: Existem v\u00e1rios n\u00edveis de activa\u00e7\u00e3o e desactiva\u00e7\u00e3o de cookies no Google Chrome. Para mais informa\u00e7\u00f5es sobre defini\u00e7\u00f5es de cookies no Google Chrome, consulte a p\u00e1gina\u00a0<a href=\"http:\/\/support.google.com\/chrome\/bin\/answer.py?hl=pt&amp;answer=95647&amp;topic=14666&amp;ctx=topic\" target=\"_blank\" rel=\"noopener noreferrer\">http:\/\/support.google.com\/chrome\/bin\/answer.py?hl=pt&amp;answer=95647&amp;topic=14666&amp;ctx=topic<\/a><\/p>\n<p><strong>Microsoft Internet Explorer<\/strong><br \/>\nPara desactivar todos os cookies no Internet Explorer:<\/p>\n<p>Clique no menu \u201cFerramentas\u201d e escolha a op\u00e7\u00e3o \u201cOp\u00e7\u00f5es de Internet\u201d<br \/>\nSeleccione o separador \u201cPrivacidade\u201d<br \/>\nMova a barra para o topo, onde surgir\u00e1 \u201cBloquear todos os cookies\u201d<br \/>\nNota: Existem v\u00e1rios n\u00edveis de activa\u00e7\u00e3o e desactiva\u00e7\u00e3o de cookies no Internet Explorer. Para mais informa\u00e7\u00f5es sobre defini\u00e7\u00f5es de cookies Internet Explorer, consulte a p\u00e1gina da Microsoft\u00a0<a href=\"http:\/\/windows.microsoft.com\/pt-PT\/windows-vista\/Block-or-allow-cookies\" target=\"_blank\" rel=\"noopener noreferrer\">http:\/\/windows.microsoft.com\/pt-PT\/windows-vista\/Block-or-allow-cookies<\/a><\/p>\n<p><strong>Mozilla Firefox<\/strong><br \/>\nPara desactivar todos os cookies no Mozilla Firefox:<\/p>\n<p>Clique no menu \u201cFerramentas\u201d<br \/>\nSeleccione \u201cOp\u00e7\u00f5es\u201d<br \/>\nClique no \u00edcone \u201cPrivacidade\u201d, que encontra no painel superior<br \/>\nNa sec\u00e7\u00e3o \u201cCookies\u201d desactive a op\u00e7\u00e3o \u201cAceitar cookies dos sites\u201d<br \/>\nClique em \u201cOK\u201d para guardar as altera\u00e7\u00f5es e fechar<br \/>\nNota: Existem v\u00e1rios n\u00edveis de activa\u00e7\u00e3o e desactiva\u00e7\u00e3o de cookies no Mozilla Firefox. Para mais informa\u00e7\u00f5es sobre defini\u00e7\u00f5es de cookies no Mozilla Firefox, consulte a p\u00e1gina\u00a0<a href=\"http:\/\/support.mozilla.org\/pt-PT\/kb\/Activar%20e%20Desactivar%20cookies?redirectlocale=en-US&amp;redirectslug=Enabling+and+disabling+cookies\" target=\"_blank\" rel=\"noopener noreferrer\">http:\/\/support.mozilla.org\/pt-PT\/kb\/Activar%20e%20Desactivar%20cookies?redirectlocale=en-US&amp;redirectslug=Enabling+and+disabling+cookies<\/a><\/p>\n<p><strong>Safari<\/strong><br \/>\nPara desactivar todos os cookies no Safari:<\/p>\n<p>Clique em \u201cEditar\u201d<br \/>\nSeleccione \u201cPrefer\u00eancias\u201d<br \/>\nNo painel superior, seleccione o \u00edcone \u201cPrivacidade\u201d<br \/>\nNa sec\u00e7\u00e3o \u201cAceitar cookies\u201d, seleccione \u201cNunca\u201d<br \/>\nNota: Existem v\u00e1rios n\u00edveis de activa\u00e7\u00e3o e desactiva\u00e7\u00e3o de cookies no Safari. Para mais informa\u00e7\u00f5es sobre defini\u00e7\u00f5es de cookies no Safari, consulte a p\u00e1gina\u00a0<a href=\"http:\/\/support.apple.com\/kb\/HT1677?viewlocale=pt_PT\" target=\"_blank\" rel=\"noopener noreferrer\">http:\/\/support.apple.com\/kb\/HT1677?viewlocale=pt_PT<\/a><\/p>\n<p>Todos os outros navegadores de internet (browsers)<br \/>\nPor favor, procure no menu \u201cajuda\u201d do navegador (browser) ou contacte o fornecedor do navegador (browser).[\/vc_column_text][\/vc_column][\/vc_row]<\/p>\n<\/div>","protected":false},"excerpt":{"rendered":"<p>[vc_row margin_top=\u00bb-70px\u00bb][vc_column][vc_separator color=\u00bbwhite\u00bb border_width=\u00bb10&#8243;][vc_separator color=\u00bbwhite\u00bb border_width=\u00bb10&#8243;][\/vc_column][\/vc_row][vc_row][vc_column width=\u00bb1\/3&#8243;][vc_single_image image=\u00bb50193&#8243; img_size=\u00bbmedium\u00bb alignment=\u00bbcenter\u00bb onclick=\u00bblink_image\u00bb][\/vc_column][vc_column width=\u00bb2\/3&#8243;][vc_column_text]O que s\u00e3o Cookies? Os cookies s\u00e3o pequenos ficheiros de texto instalados no computador em sites da Internet que visitamos. S\u00e3o amplamente utilizados para garantir o bom funcionamento dos sites, permitem uma navega\u00e7\u00e3o mais r\u00e1pida e eficiente e tamb\u00e9m fornecem informa\u00e7\u00f5es aos propriet\u00e1rios do&hellip;<\/p>\n","protected":false},"author":1,"featured_media":0,"parent":0,"menu_order":8,"comment_status":"closed","ping_status":"closed","template":"","meta":{"footnotes":""},"_links":{"self":[{"href":"https:\/\/avenadecor.pt\/es\/wp-json\/wp\/v2\/pages\/54386"}],"collection":[{"href":"https:\/\/avenadecor.pt\/es\/wp-json\/wp\/v2\/pages"}],"about":[{"href":"https:\/\/avenadecor.pt\/es\/wp-json\/wp\/v2\/types\/page"}],"author":[{"embeddable":true,"href":"https:\/\/avenadecor.pt\/es\/wp-json\/wp\/v2\/users\/1"}],"replies":[{"embeddable":true,"href":"https:\/\/avenadecor.pt\/es\/wp-json\/wp\/v2\/comments?post=54386"}],"version-history":[{"count":1,"href":"https:\/\/avenadecor.pt\/es\/wp-json\/wp\/v2\/pages\/54386\/revisions"}],"predecessor-version":[{"id":54388,"href":"https:\/\/avenadecor.pt\/es\/wp-json\/wp\/v2\/pages\/54386\/revisions\/54388"}],"wp:attachment":[{"href":"https:\/\/avenadecor.pt\/es\/wp-json\/wp\/v2\/media?parent=54386"}],"curies":[{"name":"wp","href":"https:\/\/api.w.org\/{rel}","templated":true}]}}