{"id":51774,"date":"2018-01-28T11:39:00","date_gmt":"2018-01-28T11:39:00","guid":{"rendered":"http:\/\/www.avenadecor.pt\/?page_id=51774"},"modified":"2018-01-28T12:14:53","modified_gmt":"2018-01-28T12:14:53","slug":"serigraphie","status":"publish","type":"page","link":"https:\/\/avenadecor.pt\/fr\/les-services\/serigraphie\/","title":{"rendered":"S\u00e9rigraphie"},"content":{"rendered":"<div class=\"wpb-content-wrapper\"><p>[vc_row margin_top=\u00a0\u00bb-70px\u00a0\u00bb][vc_column][vc_separator color=\u00a0\u00bbwhite\u00a0\u00bb border_width=\u00a0\u00bb10&Prime;]<div id=\"ultimate-heading-886469d7868ac912e\" class=\"uvc-heading ult-adjust-bottom-margin ultimate-heading-886469d7868ac912e uvc-9415 accent-border-color color-title\" data-hspacer=\"line_only\"  data-halign=\"center\" style=\"text-align:center\"><div class=\"uvc-main-heading ult-responsive\"  data-ultimate-target='.uvc-heading.ultimate-heading-886469d7868ac912e h1'  data-responsive-json-new='{\"font-size\":\"desktop:36px;\",\"line-height\":\"\"}' ><h1 style=\"--font-weight:theme;margin-bottom:25px;\">S\u00e9rigraphie<\/h1><\/div><div class=\"uvc-heading-spacer line_only\" style=\"topheight:3px;\"><span class=\"uvc-headings-line\" style=\"border-style:solid;border-bottom-width:3px;border-color:#ccc;width:100px;\"><\/span><\/div><\/div>[vc_separator color=\u00a0\u00bbwhite\u00a0\u00bb border_width=\u00a0\u00bb10&Prime;][\/vc_column][\/vc_row][vc_row][vc_column width=\u00a0\u00bb1\/2&Prime;][vc_column_text]<\/p>\n<p align=\"center\"><span id=\"ex1\" class=\"zoom\"><br \/>\n<img decoding=\"async\" loading=\"lazy\" src=\"https:\/\/avenadecor.pt\/wp-content\/uploads\/2017\/06\/gdetalhe-serigrafia.jpg\" alt=\"\" width=\"450\" height=\"600\" \/><br \/>\n<\/span><\/p>\n<p>Passez la souris sur l&rsquo;image pour voir le d\u00e9tail de notre travail[\/vc_column_text][\/vc_column][vc_column width=\u00a0\u00bb1\/2&Prime;][vc_column_text]La s\u00e9rigraphie consiste en une impression, sur la surface de l&#8217;emballage, des images ou des textes. Il s&rsquo;agit d&rsquo;une technique d&rsquo;impression dans lequel les encres sont plac\u00e9s sur l&rsquo;\u00e9cran, Cet \u00e9cran a des parties perm\u00e9ables et imperm\u00e9ables, permettant le passage d&rsquo;encre ou pas et, par cons\u00e9quent, la production d&rsquo;un dessin sur la base.<\/p>\n<p>Le dessin ou text est fix\u00e9 sur le verre \u00e0 haute temp\u00e9rature \u2013 environ 600\u00baC[\/vc_column_text][\/vc_column][\/vc_row][vc_row type=\u00a0\u00bbvc_default\u00a0\u00bb full_width=\u00a0\u00bbstretch_row_content_no_spaces\u00a0\u00bb][vc_column][vc_custom_heading text=\u00a0\u00bbO nosso trabalho\u00a0\u00bb font_container=\u00a0\u00bbtag:h3|text_align:center\u00a0\u00bb use_theme_fonts=\u00a0\u00bbyes\u00a0\u00bb][vc_separator el_width=\u00a0\u00bb70&Prime;]<div class=\"dt-portfolio-shortcode slider-wrapper  owl-carousel dt-owl-carousel-init arrows-light enable-mobile-arrows description-under-image content-align-left\" data-padding-side=\"20\" data-autoslide=\"true\" data-delay=\"3000\" data-loop=\"false\" data-arrows=\"true\">\n\n<article class=\"post post-52357 dt_portfolio type-dt_portfolio status-publish has-post-thumbnail hentry dt_portfolio_category-eau-jus-et-autres dt_portfolio_category-portugal-fr dt_portfolio_category-serigraphie dt_portfolio_category-322 dt_portfolio_category-308 dt_portfolio_category-317\">\n\n\t<div class=\"project-list-media\">\n\t<figure class=\"buttons-on-img rollover-active\">\n\t\t<a href=\"https:\/\/avenadecor.pt\/fr\/projetos\/agros\/\" class=\"alignnone rollover layzr-bg\" title=\"Agros\"  aria-label=\"Post image\"><img class=\"preload-me lazy-load aspect\" src=\"data:image\/svg+xml,%3Csvg%20xmlns%3D&#39;http%3A%2F%2Fwww.w3.org%2F2000%2Fsvg&#39;%20viewBox%3D&#39;0%200%20320%20426&#39;%2F%3E\" data-src=\"https:\/\/avenadecor.pt\/wp-content\/uploads\/2017\/05\/Garrafa-63-320x426.jpg\" data-srcset=\"https:\/\/avenadecor.pt\/wp-content\/uploads\/2017\/05\/Garrafa-63-320x426.jpg 320w, https:\/\/avenadecor.pt\/wp-content\/uploads\/2017\/05\/Garrafa-63-640x852.jpg 640w\" loading=\"eager\" style=\"--ratio: 320 \/ 426\" sizes=\"(max-width: 320px) 100vw, 320px\" alt=\"Agros\" width=\"320\" height=\"426\"  \/><\/a>\t\t\t\t<figcaption class=\"rollover-content\">\n\t\t\t<div class=\"links-container\"><a href=\"https:\/\/avenadecor.pt\/wp-content\/uploads\/2017\/05\/Garrafa-63.jpg\" class=\"project-zoom dt-pswp-item dt-single-pswp-popup\" title=\"Agros\" data-dt-img-description=\"\" data-large_image_width=\"675\" data-large_image_height=\"900\" aria-label=\"Portfolio zoom icon\">Zoom<\/a><\/div>\t\t<\/figcaption>\n\t\t\t<\/figure>\n<\/div>\n<div class=\"project-list-content\">\n\t<\/div>\n<\/article>\n\n\n\n<article class=\"post post-52314 dt_portfolio type-dt_portfolio status-publish has-post-thumbnail hentry dt_portfolio_category-espagne dt_portfolio_category-points-forts dt_portfolio_category-serigraphie dt_portfolio_category-vin dt_portfolio_category-304 dt_portfolio_category-300 dt_portfolio_category-317 dt_portfolio_category-332\">\n\n\t<div class=\"project-list-media\">\n\t<figure class=\"buttons-on-img rollover-active\">\n\t\t<a href=\"https:\/\/avenadecor.pt\/fr\/projetos\/castillo-de-monte-la-reina\/\" class=\"alignnone rollover layzr-bg\" title=\"Castillo de Monte la Reina\"  aria-label=\"Post image\"><img class=\"preload-me lazy-load aspect\" src=\"data:image\/svg+xml,%3Csvg%20xmlns%3D&#39;http%3A%2F%2Fwww.w3.org%2F2000%2Fsvg&#39;%20viewBox%3D&#39;0%200%20320%20426&#39;%2F%3E\" data-src=\"https:\/\/avenadecor.pt\/wp-content\/uploads\/2017\/05\/Garrafa-2-320x426.jpg\" data-srcset=\"https:\/\/avenadecor.pt\/wp-content\/uploads\/2017\/05\/Garrafa-2-320x426.jpg 320w, https:\/\/avenadecor.pt\/wp-content\/uploads\/2017\/05\/Garrafa-2-640x852.jpg 640w\" loading=\"eager\" style=\"--ratio: 320 \/ 426\" sizes=\"(max-width: 320px) 100vw, 320px\" alt=\"Castillo de Monte la Reina\" width=\"320\" height=\"426\"  \/><\/a>\t\t\t\t<figcaption class=\"rollover-content\">\n\t\t\t<div class=\"links-container\"><a href=\"https:\/\/avenadecor.pt\/wp-content\/uploads\/2017\/05\/Garrafa-2.jpg\" class=\"project-zoom dt-pswp-item dt-single-pswp-popup\" title=\"Castillo de Monte la Reina\" data-dt-img-description=\"\" data-large_image_width=\"675\" data-large_image_height=\"900\" aria-label=\"Portfolio zoom icon\">Zoom<\/a><\/div>\t\t<\/figcaption>\n\t\t\t<\/figure>\n<\/div>\n<div class=\"project-list-content\">\n\t<\/div>\n<\/article>\n\n\n\n<article class=\"post post-52389 dt_portfolio type-dt_portfolio status-publish has-post-thumbnail hentry dt_portfolio_category-eau-jus-et-autres dt_portfolio_category-portugal-fr dt_portfolio_category-serigraphie dt_portfolio_category-322 dt_portfolio_category-308 dt_portfolio_category-317\">\n\n\t<div class=\"project-list-media\">\n\t<figure class=\"buttons-on-img rollover-active\">\n\t\t<a href=\"https:\/\/avenadecor.pt\/fr\/projetos\/sumol\/\" class=\"alignnone rollover layzr-bg\" title=\"Sumol\"  aria-label=\"Post image\"><img class=\"preload-me lazy-load aspect\" src=\"data:image\/svg+xml,%3Csvg%20xmlns%3D&#39;http%3A%2F%2Fwww.w3.org%2F2000%2Fsvg&#39;%20viewBox%3D&#39;0%200%20320%20426&#39;%2F%3E\" data-src=\"https:\/\/avenadecor.pt\/wp-content\/uploads\/2017\/05\/Garrafa-68-320x426.jpg\" data-srcset=\"https:\/\/avenadecor.pt\/wp-content\/uploads\/2017\/05\/Garrafa-68-320x426.jpg 320w, https:\/\/avenadecor.pt\/wp-content\/uploads\/2017\/05\/Garrafa-68-640x852.jpg 640w\" loading=\"eager\" style=\"--ratio: 320 \/ 426\" sizes=\"(max-width: 320px) 100vw, 320px\" alt=\"Sumol\" width=\"320\" height=\"426\"  \/><\/a>\t\t\t\t<figcaption class=\"rollover-content\">\n\t\t\t<div class=\"links-container\"><a href=\"https:\/\/avenadecor.pt\/wp-content\/uploads\/2017\/05\/Garrafa-68.jpg\" class=\"project-zoom dt-pswp-item dt-single-pswp-popup\" title=\"Sumol\" data-dt-img-description=\"\" data-large_image_width=\"675\" data-large_image_height=\"900\" aria-label=\"Portfolio zoom icon\">Zoom<\/a><\/div>\t\t<\/figcaption>\n\t\t\t<\/figure>\n<\/div>\n<div class=\"project-list-content\">\n\t<\/div>\n<\/article>\n\n\n\n<article class=\"post post-52527 dt_portfolio type-dt_portfolio status-publish has-post-thumbnail hentry dt_portfolio_category-liqueurs-et-spiritueux dt_portfolio_category-portugal-fr dt_portfolio_category-serigraphie dt_portfolio_category-329 dt_portfolio_category-308 dt_portfolio_category-317\">\n\n\t<div class=\"project-list-media\">\n\t<figure class=\"buttons-on-img rollover-active\">\n\t\t<a href=\"https:\/\/avenadecor.pt\/fr\/projetos\/jameson\/\" class=\"alignnone rollover layzr-bg\" title=\"Jameson\"  aria-label=\"Post image\"><img class=\"preload-me lazy-load aspect\" src=\"data:image\/svg+xml,%3Csvg%20xmlns%3D&#39;http%3A%2F%2Fwww.w3.org%2F2000%2Fsvg&#39;%20viewBox%3D&#39;0%200%20320%20426&#39;%2F%3E\" data-src=\"https:\/\/avenadecor.pt\/wp-content\/uploads\/2017\/05\/Garrafa-56-320x426.jpg\" data-srcset=\"https:\/\/avenadecor.pt\/wp-content\/uploads\/2017\/05\/Garrafa-56-320x426.jpg 320w, https:\/\/avenadecor.pt\/wp-content\/uploads\/2017\/05\/Garrafa-56-640x852.jpg 640w\" loading=\"eager\" style=\"--ratio: 320 \/ 426\" sizes=\"(max-width: 320px) 100vw, 320px\" alt=\"Jameson\" width=\"320\" height=\"426\"  \/><\/a>\t\t\t\t<figcaption class=\"rollover-content\">\n\t\t\t<div class=\"links-container\"><a href=\"https:\/\/avenadecor.pt\/wp-content\/uploads\/2017\/05\/Garrafa-56.jpg\" class=\"project-zoom dt-pswp-item dt-single-pswp-popup\" title=\"Jameson\" data-dt-img-description=\"\" data-large_image_width=\"675\" data-large_image_height=\"900\" aria-label=\"Portfolio zoom icon\">Zoom<\/a><\/div>\t\t<\/figcaption>\n\t\t\t<\/figure>\n<\/div>\n<div class=\"project-list-content\">\n\t<\/div>\n<\/article>\n\n\n\n<article class=\"post post-52459 dt_portfolio type-dt_portfolio status-publish has-post-thumbnail hentry dt_portfolio_category-espagne dt_portfolio_category-huiles dt_portfolio_category-serigraphie dt_portfolio_category-304 dt_portfolio_category-325 dt_portfolio_category-317\">\n\n\t<div class=\"project-list-media\">\n\t<figure class=\"buttons-on-img rollover-active\">\n\t\t<a href=\"https:\/\/avenadecor.pt\/fr\/projetos\/marques-de-grinon\/\" class=\"alignnone rollover layzr-bg\" title=\"Marques de Gri\u00f1on\"  aria-label=\"Post image\"><img class=\"preload-me lazy-load aspect\" src=\"data:image\/svg+xml,%3Csvg%20xmlns%3D&#39;http%3A%2F%2Fwww.w3.org%2F2000%2Fsvg&#39;%20viewBox%3D&#39;0%200%20320%20426&#39;%2F%3E\" data-src=\"https:\/\/avenadecor.pt\/wp-content\/uploads\/2017\/05\/Garrafa-87-320x426.jpg\" data-srcset=\"https:\/\/avenadecor.pt\/wp-content\/uploads\/2017\/05\/Garrafa-87-320x426.jpg 320w, https:\/\/avenadecor.pt\/wp-content\/uploads\/2017\/05\/Garrafa-87-640x852.jpg 640w\" loading=\"eager\" style=\"--ratio: 320 \/ 426\" sizes=\"(max-width: 320px) 100vw, 320px\" alt=\"Marques de Gri\u00f1on\" width=\"320\" height=\"426\"  \/><\/a>\t\t\t\t<figcaption class=\"rollover-content\">\n\t\t\t<div class=\"links-container\"><a href=\"https:\/\/avenadecor.pt\/wp-content\/uploads\/2017\/05\/Garrafa-87.jpg\" class=\"project-zoom dt-pswp-item dt-single-pswp-popup\" title=\"Marques de Gri\u00f1on\" data-dt-img-description=\"\" data-large_image_width=\"675\" data-large_image_height=\"900\" aria-label=\"Portfolio zoom icon\">Zoom<\/a><\/div>\t\t<\/figcaption>\n\t\t\t<\/figure>\n<\/div>\n<div class=\"project-list-content\">\n\t<\/div>\n<\/article>\n\n\n\n<article class=\"post post-52379 dt_portfolio type-dt_portfolio status-publish has-post-thumbnail hentry dt_portfolio_category-serigraphie dt_portfolio_category-vin dt_portfolio_category-317 dt_portfolio_category-332\">\n\n\t<div class=\"project-list-media\">\n\t<figure class=\"buttons-on-img rollover-active\">\n\t\t<a href=\"https:\/\/avenadecor.pt\/fr\/projetos\/taylor-fladgate\/\" class=\"alignnone rollover layzr-bg\" title=\"Taylor Fladgate\"  aria-label=\"Post image\"><img class=\"preload-me lazy-load aspect\" src=\"data:image\/svg+xml,%3Csvg%20xmlns%3D&#39;http%3A%2F%2Fwww.w3.org%2F2000%2Fsvg&#39;%20viewBox%3D&#39;0%200%20320%20426&#39;%2F%3E\" data-src=\"https:\/\/avenadecor.pt\/wp-content\/uploads\/2017\/05\/Garrafa-67-320x426.jpg\" data-srcset=\"https:\/\/avenadecor.pt\/wp-content\/uploads\/2017\/05\/Garrafa-67-320x426.jpg 320w, https:\/\/avenadecor.pt\/wp-content\/uploads\/2017\/05\/Garrafa-67-640x852.jpg 640w\" loading=\"eager\" style=\"--ratio: 320 \/ 426\" sizes=\"(max-width: 320px) 100vw, 320px\" alt=\"Taylor Fladgate\" width=\"320\" height=\"426\"  \/><\/a>\t\t\t\t<figcaption class=\"rollover-content\">\n\t\t\t<div class=\"links-container\"><a href=\"https:\/\/avenadecor.pt\/wp-content\/uploads\/2017\/05\/Garrafa-67.jpg\" class=\"project-zoom dt-pswp-item dt-single-pswp-popup\" title=\"Taylor Fladgate\" data-dt-img-description=\"\" data-large_image_width=\"675\" data-large_image_height=\"900\" aria-label=\"Portfolio zoom icon\">Zoom<\/a><\/div>\t\t<\/figcaption>\n\t\t\t<\/figure>\n<\/div>\n<div class=\"project-list-content\">\n\t<\/div>\n<\/article>\n\n\n\n<article class=\"post post-52093 dt_portfolio type-dt_portfolio status-publish has-post-thumbnail hentry dt_portfolio_category-portugal-fr dt_portfolio_category-serigraphie dt_portfolio_category-308 dt_portfolio_category-317\">\n\n\t<div class=\"project-list-media\">\n\t<figure class=\"buttons-on-img rollover-active\">\n\t\t<a href=\"https:\/\/avenadecor.pt\/fr\/projetos\/expo-vinos\/\" class=\"alignnone rollover layzr-bg\" title=\"Expo Vinos\"  aria-label=\"Post image\"><img class=\"preload-me lazy-load aspect\" src=\"data:image\/svg+xml,%3Csvg%20xmlns%3D&#39;http%3A%2F%2Fwww.w3.org%2F2000%2Fsvg&#39;%20viewBox%3D&#39;0%200%20320%20426&#39;%2F%3E\" data-src=\"https:\/\/avenadecor.pt\/wp-content\/uploads\/2017\/06\/expo-vinos-320x426.jpg\" data-srcset=\"https:\/\/avenadecor.pt\/wp-content\/uploads\/2017\/06\/expo-vinos-320x426.jpg 320w, https:\/\/avenadecor.pt\/wp-content\/uploads\/2017\/06\/expo-vinos-640x852.jpg 640w\" loading=\"eager\" style=\"--ratio: 320 \/ 426\" sizes=\"(max-width: 320px) 100vw, 320px\" alt=\"Expo Vinos\" width=\"320\" height=\"426\"  \/><\/a>\t\t\t\t<figcaption class=\"rollover-content\">\n\t\t\t<div class=\"links-container\"><a href=\"https:\/\/avenadecor.pt\/wp-content\/uploads\/2017\/06\/expo-vinos.jpg\" class=\"project-zoom dt-pswp-item dt-single-pswp-popup\" title=\"Expo Vinos\" data-dt-img-description=\"\" data-large_image_width=\"675\" data-large_image_height=\"900\" aria-label=\"Portfolio zoom icon\">Zoom<\/a><\/div>\t\t<\/figcaption>\n\t\t\t<\/figure>\n<\/div>\n<div class=\"project-list-content\">\n\t<\/div>\n<\/article>\n\n\n\n<article class=\"post post-52409 dt_portfolio type-dt_portfolio status-publish has-post-thumbnail hentry dt_portfolio_category-huiles dt_portfolio_category-portugal-fr dt_portfolio_category-serigraphie dt_portfolio_category-325 dt_portfolio_category-308 dt_portfolio_category-317\">\n\n\t<div class=\"project-list-media\">\n\t<figure class=\"buttons-on-img rollover-active\">\n\t\t<a href=\"https:\/\/avenadecor.pt\/fr\/projetos\/azouro\/\" class=\"alignnone rollover layzr-bg\" title=\"Azouro\"  aria-label=\"Post image\"><img class=\"preload-me lazy-load aspect\" src=\"data:image\/svg+xml,%3Csvg%20xmlns%3D&#39;http%3A%2F%2Fwww.w3.org%2F2000%2Fsvg&#39;%20viewBox%3D&#39;0%200%20320%20426&#39;%2F%3E\" data-src=\"https:\/\/avenadecor.pt\/wp-content\/uploads\/2017\/05\/Garrafa-84-320x426.jpg\" data-srcset=\"https:\/\/avenadecor.pt\/wp-content\/uploads\/2017\/05\/Garrafa-84-320x426.jpg 320w, https:\/\/avenadecor.pt\/wp-content\/uploads\/2017\/05\/Garrafa-84-640x852.jpg 640w\" loading=\"eager\" style=\"--ratio: 320 \/ 426\" sizes=\"(max-width: 320px) 100vw, 320px\" alt=\"Azouro\" width=\"320\" height=\"426\"  \/><\/a>\t\t\t\t<figcaption class=\"rollover-content\">\n\t\t\t<div class=\"links-container\"><a href=\"https:\/\/avenadecor.pt\/wp-content\/uploads\/2017\/05\/Garrafa-84.jpg\" class=\"project-zoom dt-pswp-item dt-single-pswp-popup\" title=\"Azouro\" data-dt-img-description=\"\" data-large_image_width=\"675\" data-large_image_height=\"900\" aria-label=\"Portfolio zoom icon\">Zoom<\/a><\/div>\t\t<\/figcaption>\n\t\t\t<\/figure>\n<\/div>\n<div class=\"project-list-content\">\n\t<\/div>\n<\/article>\n\n\n\n<article class=\"post post-52361 dt_portfolio type-dt_portfolio status-publish has-post-thumbnail hentry dt_portfolio_category-eau-jus-et-autres dt_portfolio_category-serigraphie dt_portfolio_category-322 dt_portfolio_category-317\">\n\n\t<div class=\"project-list-media\">\n\t<figure class=\"buttons-on-img rollover-active\">\n\t\t<a href=\"https:\/\/avenadecor.pt\/fr\/projetos\/7up\/\" class=\"alignnone rollover layzr-bg\" title=\"7UP\"  aria-label=\"Post image\"><img class=\"preload-me lazy-load aspect\" src=\"data:image\/svg+xml,%3Csvg%20xmlns%3D&#39;http%3A%2F%2Fwww.w3.org%2F2000%2Fsvg&#39;%20viewBox%3D&#39;0%200%20320%20426&#39;%2F%3E\" data-src=\"https:\/\/avenadecor.pt\/wp-content\/uploads\/2017\/05\/Garrafa-65-320x426.jpg\" data-srcset=\"https:\/\/avenadecor.pt\/wp-content\/uploads\/2017\/05\/Garrafa-65-320x426.jpg 320w, https:\/\/avenadecor.pt\/wp-content\/uploads\/2017\/05\/Garrafa-65-640x852.jpg 640w\" loading=\"eager\" style=\"--ratio: 320 \/ 426\" sizes=\"(max-width: 320px) 100vw, 320px\" alt=\"7UP\" width=\"320\" height=\"426\"  \/><\/a>\t\t\t\t<figcaption class=\"rollover-content\">\n\t\t\t<div class=\"links-container\"><a href=\"https:\/\/avenadecor.pt\/wp-content\/uploads\/2017\/05\/Garrafa-65.jpg\" class=\"project-zoom dt-pswp-item dt-single-pswp-popup\" title=\"7UP\" data-dt-img-description=\"\" data-large_image_width=\"675\" data-large_image_height=\"900\" aria-label=\"Portfolio zoom icon\">Zoom<\/a><\/div>\t\t<\/figcaption>\n\t\t\t<\/figure>\n<\/div>\n<div class=\"project-list-content\">\n\t<\/div>\n<\/article>\n\n\n\n<article class=\"post post-52177 dt_portfolio type-dt_portfolio status-publish has-post-thumbnail hentry dt_portfolio_category-eau-jus-et-autres dt_portfolio_category-serigraphie dt_portfolio_category-322 dt_portfolio_category-317\">\n\n\t<div class=\"project-list-media\">\n\t<figure class=\"buttons-on-img rollover-active\">\n\t\t<a href=\"https:\/\/avenadecor.pt\/fr\/projetos\/viesk\/\" class=\"alignnone rollover layzr-bg\" title=\"Viesk\"  aria-label=\"Post image\"><img class=\"preload-me lazy-load aspect\" src=\"data:image\/svg+xml,%3Csvg%20xmlns%3D&#39;http%3A%2F%2Fwww.w3.org%2F2000%2Fsvg&#39;%20viewBox%3D&#39;0%200%20320%20426&#39;%2F%3E\" data-src=\"https:\/\/avenadecor.pt\/wp-content\/uploads\/2017\/05\/Garrafa-31-320x426.jpg\" data-srcset=\"https:\/\/avenadecor.pt\/wp-content\/uploads\/2017\/05\/Garrafa-31-320x426.jpg 320w, https:\/\/avenadecor.pt\/wp-content\/uploads\/2017\/05\/Garrafa-31-640x852.jpg 640w\" loading=\"eager\" style=\"--ratio: 320 \/ 426\" sizes=\"(max-width: 320px) 100vw, 320px\" alt=\"Viesk\" width=\"320\" height=\"426\"  \/><\/a>\t\t\t\t<figcaption class=\"rollover-content\">\n\t\t\t<div class=\"links-container\"><a href=\"https:\/\/avenadecor.pt\/wp-content\/uploads\/2017\/05\/Garrafa-31.jpg\" class=\"project-zoom dt-pswp-item dt-single-pswp-popup\" title=\"Viesk\" data-dt-img-description=\"\" data-large_image_width=\"675\" data-large_image_height=\"900\" aria-label=\"Portfolio zoom icon\">Zoom<\/a><\/div>\t\t<\/figcaption>\n\t\t\t<\/figure>\n<\/div>\n<div class=\"project-list-content\">\n\t<\/div>\n<\/article>\n\n\n\n<article class=\"post post-52519 dt_portfolio type-dt_portfolio status-publish has-post-thumbnail hentry dt_portfolio_category-portugal-fr dt_portfolio_category-serigraphie dt_portfolio_category-vin dt_portfolio_category-308 dt_portfolio_category-317 dt_portfolio_category-332\">\n\n\t<div class=\"project-list-media\">\n\t<figure class=\"buttons-on-img rollover-active\">\n\t\t<a href=\"https:\/\/avenadecor.pt\/fr\/projetos\/antonio-private-edition\/\" class=\"alignnone rollover layzr-bg\" title=\"Ant\u00f3nio Private Edition\"  aria-label=\"Post image\"><img class=\"preload-me lazy-load aspect\" src=\"data:image\/svg+xml,%3Csvg%20xmlns%3D&#39;http%3A%2F%2Fwww.w3.org%2F2000%2Fsvg&#39;%20viewBox%3D&#39;0%200%20320%20426&#39;%2F%3E\" data-src=\"https:\/\/avenadecor.pt\/wp-content\/uploads\/2017\/05\/Garrafa-82-320x426.jpg\" data-srcset=\"https:\/\/avenadecor.pt\/wp-content\/uploads\/2017\/05\/Garrafa-82-320x426.jpg 320w, https:\/\/avenadecor.pt\/wp-content\/uploads\/2017\/05\/Garrafa-82-640x852.jpg 640w\" loading=\"eager\" style=\"--ratio: 320 \/ 426\" sizes=\"(max-width: 320px) 100vw, 320px\" alt=\"Ant\u00f3nio Private Edition\" width=\"320\" height=\"426\"  \/><\/a>\t\t\t\t<figcaption class=\"rollover-content\">\n\t\t\t<div class=\"links-container\"><a href=\"https:\/\/avenadecor.pt\/wp-content\/uploads\/2017\/05\/Garrafa-82.jpg\" class=\"project-zoom dt-pswp-item dt-single-pswp-popup\" title=\"Ant\u00f3nio Private Edition\" data-dt-img-description=\"\" data-large_image_width=\"675\" data-large_image_height=\"900\" aria-label=\"Portfolio zoom icon\">Zoom<\/a><\/div>\t\t<\/figcaption>\n\t\t\t<\/figure>\n<\/div>\n<div class=\"project-list-content\">\n\t<\/div>\n<\/article>\n\n<\/div>[\/vc_column][\/vc_row]<\/p>\n<\/div>","protected":false},"excerpt":{"rendered":"<p>[vc_row margin_top=\u00a0\u00bb-70px\u00a0\u00bb][vc_column][vc_separator color=\u00a0\u00bbwhite\u00a0\u00bb border_width=\u00a0\u00bb10&Prime;][vc_separator color=\u00a0\u00bbwhite\u00a0\u00bb border_width=\u00a0\u00bb10&Prime;][\/vc_column][\/vc_row][vc_row][vc_column width=\u00a0\u00bb1\/2&Prime;][vc_column_text] Passez la souris sur l&rsquo;image pour voir le d\u00e9tail de notre travail[\/vc_column_text][\/vc_column][vc_column width=\u00a0\u00bb1\/2&Prime;][vc_column_text]La s\u00e9rigraphie consiste en une impression, sur la surface de l&#8217;emballage, des images ou des textes. Il s&rsquo;agit d&rsquo;une technique d&rsquo;impression dans lequel les encres sont plac\u00e9s sur l&rsquo;\u00e9cran, Cet \u00e9cran a des parties perm\u00e9ables et&hellip;<\/p>\n","protected":false},"author":1,"featured_media":0,"parent":51772,"menu_order":0,"comment_status":"closed","ping_status":"closed","template":"","meta":{"footnotes":""},"_links":{"self":[{"href":"https:\/\/avenadecor.pt\/fr\/wp-json\/wp\/v2\/pages\/51774"}],"collection":[{"href":"https:\/\/avenadecor.pt\/fr\/wp-json\/wp\/v2\/pages"}],"about":[{"href":"https:\/\/avenadecor.pt\/fr\/wp-json\/wp\/v2\/types\/page"}],"author":[{"embeddable":true,"href":"https:\/\/avenadecor.pt\/fr\/wp-json\/wp\/v2\/users\/1"}],"replies":[{"embeddable":true,"href":"https:\/\/avenadecor.pt\/fr\/wp-json\/wp\/v2\/comments?post=51774"}],"version-history":[{"count":3,"href":"https:\/\/avenadecor.pt\/fr\/wp-json\/wp\/v2\/pages\/51774\/revisions"}],"predecessor-version":[{"id":51812,"href":"https:\/\/avenadecor.pt\/fr\/wp-json\/wp\/v2\/pages\/51774\/revisions\/51812"}],"up":[{"embeddable":true,"href":"https:\/\/avenadecor.pt\/fr\/wp-json\/wp\/v2\/pages\/51772"}],"wp:attachment":[{"href":"https:\/\/avenadecor.pt\/fr\/wp-json\/wp\/v2\/media?parent=51774"}],"curies":[{"name":"wp","href":"https:\/\/api.w.org\/{rel}","templated":true}]}}