{"id":51778,"date":"2018-01-28T11:40:27","date_gmt":"2018-01-28T11:40:27","guid":{"rendered":"http:\/\/www.avenadecor.pt\/?page_id=51778"},"modified":"2018-01-28T12:17:26","modified_gmt":"2018-01-28T12:17:26","slug":"peinture","status":"publish","type":"page","link":"https:\/\/avenadecor.pt\/fr\/les-services\/peinture\/","title":{"rendered":"Peinture"},"content":{"rendered":"<div class=\"wpb-content-wrapper\"><p>[vc_row margin_top=\u00a0\u00bb-70px\u00a0\u00bb][vc_column][vc_separator color=\u00a0\u00bbwhite\u00a0\u00bb border_width=\u00a0\u00bb10&Prime;]<div id=\"ultimate-heading-365369d774a2412f6\" class=\"uvc-heading ult-adjust-bottom-margin ultimate-heading-365369d774a2412f6 uvc-4252 accent-border-color color-title\" data-hspacer=\"line_only\"  data-halign=\"center\" style=\"text-align:center\"><div class=\"uvc-main-heading ult-responsive\"  data-ultimate-target='.uvc-heading.ultimate-heading-365369d774a2412f6 h1'  data-responsive-json-new='{\"font-size\":\"desktop:36px;\",\"line-height\":\"\"}' ><h1 style=\"--font-weight:theme;margin-bottom:25px;\">Peinture<\/h1><\/div><div class=\"uvc-heading-spacer line_only\" style=\"topheight:3px;\"><span class=\"uvc-headings-line\" style=\"border-style:solid;border-bottom-width:3px;border-color:#ccc;width:100px;\"><\/span><\/div><\/div>[vc_separator color=\u00a0\u00bbwhite\u00a0\u00bb border_width=\u00a0\u00bb10&Prime;][\/vc_column][\/vc_row][vc_row][vc_column width=\u00a0\u00bb1\/2&Prime;][vc_column_text]<\/p>\n<p align=\"center\"><span id=\"ex1\" class=\"zoom\"><br \/>\n<img decoding=\"async\" loading=\"lazy\" src=\"https:\/\/avenadecor.pt\/wp-content\/uploads\/2017\/06\/detalhe-pintura.jpg\" alt=\"\" width=\"450\" height=\"600\" \/><br \/>\n<\/span><\/p>\n<p>Passez la souris sur l&rsquo;image pour voir le d\u00e9tail de notre travail[\/vc_column_text][\/vc_column][vc_column width=\u00a0\u00bb1\/2&Prime;][vc_column_text]Le processus consiste dans une application d\u2019email sur la surface des bouteilles, flacons, et bocaux. Apr\u00e8s la peinture, le verre passe \u00e0 travers l&rsquo;\u00e9tuve, et ensuite par le four entre les 600 et 620\u00b0 pour le cuisson de la peinture. Une fois fondu dans le verre, l&#8217;email reste inchang\u00e9e et avec une grande r\u00e9sistance.[\/vc_column_text][\/vc_column][\/vc_row][vc_row type=\u00a0\u00bbvc_default\u00a0\u00bb full_width=\u00a0\u00bbstretch_row_content_no_spaces\u00a0\u00bb][vc_column][vc_custom_heading text=\u00a0\u00bbNotre travail\u00a0\u00bb font_container=\u00a0\u00bbtag:h3|text_align:center\u00a0\u00bb use_theme_fonts=\u00a0\u00bbyes\u00a0\u00bb][vc_separator]<div class=\"dt-portfolio-shortcode slider-wrapper  owl-carousel dt-owl-carousel-init arrows-light enable-mobile-arrows description-under-image content-align-left\" data-padding-side=\"20\" data-autoslide=\"true\" data-delay=\"3000\" data-loop=\"false\" data-arrows=\"true\">\n\n<article class=\"post post-52540 dt_portfolio type-dt_portfolio status-publish has-post-thumbnail hentry dt_portfolio_category-huiles dt_portfolio_category-pintura-fr dt_portfolio_category-portugal-fr dt_portfolio_category-325 dt_portfolio_category-316 dt_portfolio_category-308\">\n\n\t<div class=\"project-list-media\">\n\t<figure class=\"buttons-on-img rollover-active\">\n\t\t<a href=\"https:\/\/avenadecor.pt\/fr\/projetos\/herdade-do-esporao-1267\/\" class=\"alignnone rollover layzr-bg\" title=\"Herdade do Espor\u00e3o 1267 - Azeite de Oliva Extra Virgem\"  aria-label=\"Post image\"><img class=\"preload-me lazy-load aspect\" src=\"data:image\/svg+xml,%3Csvg%20xmlns%3D&#39;http%3A%2F%2Fwww.w3.org%2F2000%2Fsvg&#39;%20viewBox%3D&#39;0%200%20320%20426&#39;%2F%3E\" data-src=\"https:\/\/avenadecor.pt\/wp-content\/uploads\/2017\/05\/Garrafa-91-320x426.jpg\" data-srcset=\"https:\/\/avenadecor.pt\/wp-content\/uploads\/2017\/05\/Garrafa-91-320x426.jpg 320w, https:\/\/avenadecor.pt\/wp-content\/uploads\/2017\/05\/Garrafa-91-640x852.jpg 640w\" loading=\"eager\" style=\"--ratio: 320 \/ 426\" sizes=\"(max-width: 320px) 100vw, 320px\" alt=\"Herdade do Espor\u00e3o 1267 - Azeite de Oliva Extra Virgem\" width=\"320\" height=\"426\"  \/><\/a>\t\t\t\t<figcaption class=\"rollover-content\">\n\t\t\t<div class=\"links-container\"><a href=\"https:\/\/avenadecor.pt\/wp-content\/uploads\/2017\/05\/Garrafa-91.jpg\" class=\"project-zoom dt-pswp-item dt-single-pswp-popup\" title=\"Herdade do Espor\u00e3o 1267 - Azeite de Oliva Extra Virgem\" data-dt-img-description=\"\" data-large_image_width=\"675\" data-large_image_height=\"900\" aria-label=\"Portfolio zoom icon\">Zoom<\/a><\/div>\t\t<\/figcaption>\n\t\t\t<\/figure>\n<\/div>\n<div class=\"project-list-content\">\n\t<\/div>\n<\/article>\n\n\n\n<article class=\"post post-52356 dt_portfolio type-dt_portfolio status-publish has-post-thumbnail hentry dt_portfolio_category-huiles dt_portfolio_category-pintura-fr dt_portfolio_category-portugal-fr dt_portfolio_category-325 dt_portfolio_category-316 dt_portfolio_category-308\">\n\n\t<div class=\"project-list-media\">\n\t<figure class=\"buttons-on-img rollover-active\">\n\t\t<a href=\"https:\/\/avenadecor.pt\/fr\/projetos\/oliveall\/\" class=\"alignnone rollover layzr-bg\" title=\"Oliveall\"  aria-label=\"Post image\"><img class=\"preload-me lazy-load aspect\" src=\"data:image\/svg+xml,%3Csvg%20xmlns%3D&#39;http%3A%2F%2Fwww.w3.org%2F2000%2Fsvg&#39;%20viewBox%3D&#39;0%200%20320%20426&#39;%2F%3E\" data-src=\"https:\/\/avenadecor.pt\/wp-content\/uploads\/2017\/05\/Garrafa-94-320x426.jpg\" data-srcset=\"https:\/\/avenadecor.pt\/wp-content\/uploads\/2017\/05\/Garrafa-94-320x426.jpg 320w, https:\/\/avenadecor.pt\/wp-content\/uploads\/2017\/05\/Garrafa-94-640x852.jpg 640w\" loading=\"eager\" style=\"--ratio: 320 \/ 426\" sizes=\"(max-width: 320px) 100vw, 320px\" alt=\"Oliveall\" width=\"320\" height=\"426\"  \/><\/a>\t\t\t\t<figcaption class=\"rollover-content\">\n\t\t\t<div class=\"links-container\"><a href=\"https:\/\/avenadecor.pt\/wp-content\/uploads\/2017\/05\/Garrafa-94.jpg\" class=\"project-zoom dt-pswp-item dt-single-pswp-popup\" title=\"Oliveall\" data-dt-img-description=\"\" data-large_image_width=\"675\" data-large_image_height=\"900\" aria-label=\"Portfolio zoom icon\">Zoom<\/a><\/div>\t\t<\/figcaption>\n\t\t\t<\/figure>\n<\/div>\n<div class=\"project-list-content\">\n\t<\/div>\n<\/article>\n\n\n\n<article class=\"post post-52510 dt_portfolio type-dt_portfolio status-publish has-post-thumbnail hentry dt_portfolio_category-pintura-fr dt_portfolio_category-portugal-fr dt_portfolio_category-316 dt_portfolio_category-308\">\n\n\t<div class=\"project-list-media\">\n\t<figure class=\"buttons-on-img rollover-active\">\n\t\t<a href=\"https:\/\/avenadecor.pt\/fr\/projetos\/azeite-escalabitano\/\" class=\"alignnone rollover layzr-bg\" title=\"Azeite Escalabitano\"  aria-label=\"Post image\"><img class=\"preload-me lazy-load aspect\" src=\"data:image\/svg+xml,%3Csvg%20xmlns%3D&#39;http%3A%2F%2Fwww.w3.org%2F2000%2Fsvg&#39;%20viewBox%3D&#39;0%200%20320%20426&#39;%2F%3E\" data-src=\"https:\/\/avenadecor.pt\/wp-content\/uploads\/2017\/05\/Garrafa-83-320x426.jpg\" data-srcset=\"https:\/\/avenadecor.pt\/wp-content\/uploads\/2017\/05\/Garrafa-83-320x426.jpg 320w, https:\/\/avenadecor.pt\/wp-content\/uploads\/2017\/05\/Garrafa-83-640x852.jpg 640w\" loading=\"eager\" style=\"--ratio: 320 \/ 426\" sizes=\"(max-width: 320px) 100vw, 320px\" alt=\"Azeite Escalabitano\" width=\"320\" height=\"426\"  \/><\/a>\t\t\t\t<figcaption class=\"rollover-content\">\n\t\t\t<div class=\"links-container\"><a href=\"https:\/\/avenadecor.pt\/wp-content\/uploads\/2017\/05\/Garrafa-83.jpg\" class=\"project-zoom dt-pswp-item dt-single-pswp-popup\" title=\"Azeite Escalabitano\" data-dt-img-description=\"\" data-large_image_width=\"675\" data-large_image_height=\"900\" aria-label=\"Portfolio zoom icon\">Zoom<\/a><\/div>\t\t<\/figcaption>\n\t\t\t<\/figure>\n<\/div>\n<div class=\"project-list-content\">\n\t<\/div>\n<\/article>\n\n\n\n<article class=\"post post-52026 dt_portfolio type-dt_portfolio status-publish has-post-thumbnail hentry dt_portfolio_category-pintura-fr dt_portfolio_category-316\">\n\n\t<div class=\"project-list-media\">\n\t<figure class=\"buttons-on-img rollover-active\">\n\t\t<a href=\"https:\/\/avenadecor.pt\/fr\/projetos\/tiri-keda\/\" class=\"alignnone rollover layzr-bg\" title=\"Tiri Keda\"  aria-label=\"Post image\"><img class=\"preload-me lazy-load aspect\" src=\"data:image\/svg+xml,%3Csvg%20xmlns%3D&#39;http%3A%2F%2Fwww.w3.org%2F2000%2Fsvg&#39;%20viewBox%3D&#39;0%200%20320%20426&#39;%2F%3E\" data-src=\"https:\/\/avenadecor.pt\/wp-content\/uploads\/2017\/06\/tiri-keda-320x426.jpg\" data-srcset=\"https:\/\/avenadecor.pt\/wp-content\/uploads\/2017\/06\/tiri-keda-320x426.jpg 320w, https:\/\/avenadecor.pt\/wp-content\/uploads\/2017\/06\/tiri-keda-640x852.jpg 640w\" loading=\"eager\" style=\"--ratio: 320 \/ 426\" sizes=\"(max-width: 320px) 100vw, 320px\" alt=\"Tiri Keda\" width=\"320\" height=\"426\"  \/><\/a>\t\t\t\t<figcaption class=\"rollover-content\">\n\t\t\t<div class=\"links-container\"><a href=\"https:\/\/avenadecor.pt\/wp-content\/uploads\/2017\/06\/tiri-keda.jpg\" class=\"project-zoom dt-pswp-item dt-single-pswp-popup\" title=\"Tiri Keda\" data-dt-img-description=\"\" data-large_image_width=\"675\" data-large_image_height=\"900\" aria-label=\"Portfolio zoom icon\">Zoom<\/a><\/div>\t\t<\/figcaption>\n\t\t\t<\/figure>\n<\/div>\n<div class=\"project-list-content\">\n\t<\/div>\n<\/article>\n\n\n\n<article class=\"post post-52030 dt_portfolio type-dt_portfolio status-publish has-post-thumbnail hentry dt_portfolio_category-huiles dt_portfolio_category-pintura-fr dt_portfolio_category-portugal-fr dt_portfolio_category-325 dt_portfolio_category-316 dt_portfolio_category-308\">\n\n\t<div class=\"project-list-media\">\n\t<figure class=\"buttons-on-img rollover-active\">\n\t\t<a href=\"https:\/\/avenadecor.pt\/fr\/projetos\/dom-diogo\/\" class=\"alignnone rollover layzr-bg\" title=\"Dom Diogo\"  aria-label=\"Post image\"><img class=\"preload-me lazy-load aspect\" src=\"data:image\/svg+xml,%3Csvg%20xmlns%3D&#39;http%3A%2F%2Fwww.w3.org%2F2000%2Fsvg&#39;%20viewBox%3D&#39;0%200%20320%20426&#39;%2F%3E\" data-src=\"https:\/\/avenadecor.pt\/wp-content\/uploads\/2018\/01\/dom-diogo-azeite-320x426.jpg\" data-srcset=\"https:\/\/avenadecor.pt\/wp-content\/uploads\/2018\/01\/dom-diogo-azeite-320x426.jpg 320w, https:\/\/avenadecor.pt\/wp-content\/uploads\/2018\/01\/dom-diogo-azeite-640x852.jpg 640w\" loading=\"eager\" style=\"--ratio: 320 \/ 426\" sizes=\"(max-width: 320px) 100vw, 320px\" alt=\"Dom Diogo\" width=\"320\" height=\"426\"  \/><\/a>\t\t\t\t<figcaption class=\"rollover-content\">\n\t\t\t<div class=\"links-container\"><a href=\"https:\/\/avenadecor.pt\/wp-content\/uploads\/2018\/01\/dom-diogo-azeite.jpg\" class=\"project-zoom dt-pswp-item dt-single-pswp-popup\" title=\"Dom Diogo\" data-dt-img-description=\"\" data-large_image_width=\"675\" data-large_image_height=\"900\" aria-label=\"Portfolio zoom icon\">Zoom<\/a><\/div>\t\t<\/figcaption>\n\t\t\t<\/figure>\n<\/div>\n<div class=\"project-list-content\">\n\t<\/div>\n<\/article>\n\n\n\n<article class=\"post post-52043 dt_portfolio type-dt_portfolio status-publish has-post-thumbnail hentry dt_portfolio_category-pintura-fr dt_portfolio_category-points-forts dt_portfolio_category-portugal-fr dt_portfolio_category-vin dt_portfolio_category-316 dt_portfolio_category-300 dt_portfolio_category-308 dt_portfolio_category-332\">\n\n\t<div class=\"project-list-media\">\n\t<figure class=\"buttons-on-img rollover-active\">\n\t\t<a href=\"https:\/\/avenadecor.pt\/fr\/projetos\/porto-tawny\/\" class=\"alignnone rollover layzr-bg\" title=\"Porto Tawny\"  aria-label=\"Post image\"><img class=\"preload-me lazy-load aspect\" src=\"data:image\/svg+xml,%3Csvg%20xmlns%3D&#39;http%3A%2F%2Fwww.w3.org%2F2000%2Fsvg&#39;%20viewBox%3D&#39;0%200%20320%20426&#39;%2F%3E\" data-src=\"https:\/\/avenadecor.pt\/wp-content\/uploads\/2018\/01\/porto-tawny-garrafa-320x426.jpg\" data-srcset=\"https:\/\/avenadecor.pt\/wp-content\/uploads\/2018\/01\/porto-tawny-garrafa-320x426.jpg 320w, https:\/\/avenadecor.pt\/wp-content\/uploads\/2018\/01\/porto-tawny-garrafa-640x852.jpg 640w\" loading=\"eager\" style=\"--ratio: 320 \/ 426\" sizes=\"(max-width: 320px) 100vw, 320px\" alt=\"Porto Tawny\" width=\"320\" height=\"426\"  \/><\/a>\t\t\t\t<figcaption class=\"rollover-content\">\n\t\t\t<div class=\"links-container\"><a href=\"https:\/\/avenadecor.pt\/wp-content\/uploads\/2018\/01\/porto-tawny-garrafa.jpg\" class=\"project-zoom dt-pswp-item dt-single-pswp-popup\" title=\"Porto Tawny\" data-dt-img-description=\"\" data-large_image_width=\"675\" data-large_image_height=\"900\" aria-label=\"Portfolio zoom icon\">Zoom<\/a><\/div>\t\t<\/figcaption>\n\t\t\t<\/figure>\n<\/div>\n<div class=\"project-list-content\">\n\t<\/div>\n<\/article>\n\n<\/div>[\/vc_column][\/vc_row]<\/p>\n<\/div>","protected":false},"excerpt":{"rendered":"<p>[vc_row margin_top=\u00a0\u00bb-70px\u00a0\u00bb][vc_column][vc_separator color=\u00a0\u00bbwhite\u00a0\u00bb border_width=\u00a0\u00bb10&Prime;][vc_separator color=\u00a0\u00bbwhite\u00a0\u00bb border_width=\u00a0\u00bb10&Prime;][\/vc_column][\/vc_row][vc_row][vc_column width=\u00a0\u00bb1\/2&Prime;][vc_column_text] Passez la souris sur l&rsquo;image pour voir le d\u00e9tail de notre travail[\/vc_column_text][\/vc_column][vc_column width=\u00a0\u00bb1\/2&Prime;][vc_column_text]Le processus consiste dans une application d\u2019email sur la surface des bouteilles, flacons, et bocaux. Apr\u00e8s la peinture, le verre passe \u00e0 travers l&rsquo;\u00e9tuve, et ensuite par le four entre les 600 et 620\u00b0 pour le&hellip;<\/p>\n","protected":false},"author":1,"featured_media":0,"parent":51772,"menu_order":2,"comment_status":"closed","ping_status":"closed","template":"","meta":{"footnotes":""},"_links":{"self":[{"href":"https:\/\/avenadecor.pt\/fr\/wp-json\/wp\/v2\/pages\/51778"}],"collection":[{"href":"https:\/\/avenadecor.pt\/fr\/wp-json\/wp\/v2\/pages"}],"about":[{"href":"https:\/\/avenadecor.pt\/fr\/wp-json\/wp\/v2\/types\/page"}],"author":[{"embeddable":true,"href":"https:\/\/avenadecor.pt\/fr\/wp-json\/wp\/v2\/users\/1"}],"replies":[{"embeddable":true,"href":"https:\/\/avenadecor.pt\/fr\/wp-json\/wp\/v2\/comments?post=51778"}],"version-history":[{"count":2,"href":"https:\/\/avenadecor.pt\/fr\/wp-json\/wp\/v2\/pages\/51778\/revisions"}],"predecessor-version":[{"id":51815,"href":"https:\/\/avenadecor.pt\/fr\/wp-json\/wp\/v2\/pages\/51778\/revisions\/51815"}],"up":[{"embeddable":true,"href":"https:\/\/avenadecor.pt\/fr\/wp-json\/wp\/v2\/pages\/51772"}],"wp:attachment":[{"href":"https:\/\/avenadecor.pt\/fr\/wp-json\/wp\/v2\/media?parent=51778"}],"curies":[{"name":"wp","href":"https:\/\/api.w.org\/{rel}","templated":true}]}}