{"id":51779,"date":"2018-01-28T11:40:49","date_gmt":"2018-01-28T11:40:49","guid":{"rendered":"http:\/\/www.avenadecor.pt\/?page_id=51779"},"modified":"2018-01-28T12:18:33","modified_gmt":"2018-01-28T12:18:33","slug":"mesure-des-contenants-en-verre","status":"publish","type":"page","link":"https:\/\/avenadecor.pt\/fr\/les-services\/mesure-des-contenants-en-verre\/","title":{"rendered":"Mesure des contenants en verre"},"content":{"rendered":"<div class=\"wpb-content-wrapper\"><p>[vc_row margin_top=\u00a0\u00bb-70px\u00a0\u00bb][vc_column][vc_separator color=\u00a0\u00bbwhite\u00a0\u00bb border_width=\u00a0\u00bb10&Prime;]<div id=\"ultimate-heading-948169ea02884346c\" class=\"uvc-heading ult-adjust-bottom-margin ultimate-heading-948169ea02884346c uvc-5435 accent-border-color color-title\" data-hspacer=\"line_only\"  data-halign=\"center\" style=\"text-align:center\"><div class=\"uvc-main-heading ult-responsive\"  data-ultimate-target='.uvc-heading.ultimate-heading-948169ea02884346c h1'  data-responsive-json-new='{\"font-size\":\"desktop:36px;\",\"line-height\":\"\"}' ><h1 style=\"--font-weight:theme;margin-bottom:25px;\">Mesure des contenants en verre<\/h1><\/div><div class=\"uvc-heading-spacer line_only\" style=\"topheight:3px;\"><span class=\"uvc-headings-line\" style=\"border-style:solid;border-bottom-width:3px;border-color:#ccc;width:100px;\"><\/span><\/div><\/div>[vc_separator color=\u00a0\u00bbwhite\u00a0\u00bb border_width=\u00a0\u00bb10&Prime;][\/vc_column][\/vc_row][vc_row][vc_column width=\u00a0\u00bb1\/2&Prime;][vc_column_text]<\/p>\n<p align=\"center\"><span id=\"ex1\" class=\"zoom\"><br \/>\n<img decoding=\"async\" loading=\"lazy\" src=\"https:\/\/avenadecor.pt\/wp-content\/uploads\/2016\/12\/garrafa_71g.jpg\" alt=\"\" width=\"450\" height=\"600\" \/><br \/>\n<\/span><\/p>\n<p>Passez la souris sur l&rsquo;image pour voir le d\u00e9tail de notre travail[\/vc_column_text][\/vc_column][vc_column width=\u00a0\u00bb1\/2&Prime;][vc_column_text]Nous sommes certifi\u00e9s pour effectuer l\u2019application de la jauge sur des goblets en verre pour la commercialisation des boissons alcoolis\u00e9es conform\u00e9ment \u00e0 la directive MID[\/vc_column_text][vc_separator color=\u00a0\u00bbcustom\u00a0\u00bb border_width=\u00a0\u00bb3&Prime; el_width=\u00a0\u00bb20&Prime; accent_color=\u00a0\u00bb#7bbd00&Prime;][vc_single_image image=\u00a0\u00bb50281&Prime; img_size=\u00a0\u00bbmedium\u00a0\u00bb alignment=\u00a0\u00bbcenter\u00a0\u00bb onclick=\u00a0\u00bblink_image\u00a0\u00bb][\/vc_column][\/vc_row][vc_row type=\u00a0\u00bbvc_default\u00a0\u00bb full_width=\u00a0\u00bbstretch_row_content_no_spaces\u00a0\u00bb][vc_column][vc_custom_heading text=\u00a0\u00bbNotre travail\u00a0\u00bb font_container=\u00a0\u00bbtag:h3|text_align:center\u00a0\u00bb use_theme_fonts=\u00a0\u00bbyes\u00a0\u00bb][vc_separator]<div class=\"dt-portfolio-shortcode slider-wrapper  owl-carousel dt-owl-carousel-init arrows-light enable-mobile-arrows description-under-image content-align-left\" data-padding-side=\"20\" data-autoslide=\"true\" data-delay=\"3000\" data-loop=\"false\" data-arrows=\"true\">\n\n<article class=\"post post-51967 dt_portfolio type-dt_portfolio status-publish has-post-thumbnail hentry dt_portfolio_category-mesure-des-contenants-en-verre dt_portfolio_category-311\">\n\n\t<div class=\"project-list-media\">\n\t<figure class=\"buttons-on-img rollover-active\">\n\t\t<a href=\"https:\/\/avenadecor.pt\/fr\/projetos\/afericao-copo-5-cl\/\" class=\"alignnone rollover layzr-bg\" title=\"Avena 5cl Alto\"  aria-label=\"Post image\"><img class=\"preload-me lazy-load aspect\" src=\"data:image\/svg+xml,%3Csvg%20xmlns%3D&#39;http%3A%2F%2Fwww.w3.org%2F2000%2Fsvg&#39;%20viewBox%3D&#39;0%200%20320%20426&#39;%2F%3E\" data-src=\"https:\/\/avenadecor.pt\/wp-content\/uploads\/2017\/07\/copo-alto-5cl-320x426.jpg\" data-srcset=\"https:\/\/avenadecor.pt\/wp-content\/uploads\/2017\/07\/copo-alto-5cl-320x426.jpg 320w, https:\/\/avenadecor.pt\/wp-content\/uploads\/2017\/07\/copo-alto-5cl-640x852.jpg 640w\" loading=\"eager\" style=\"--ratio: 320 \/ 426\" sizes=\"(max-width: 320px) 100vw, 320px\" alt=\"Avena 5cl Alto\" width=\"320\" height=\"426\"  \/><\/a>\t\t\t\t<figcaption class=\"rollover-content\">\n\t\t\t<div class=\"links-container\"><a href=\"https:\/\/avenadecor.pt\/wp-content\/uploads\/2017\/07\/copo-alto-5cl.jpg\" class=\"project-zoom dt-pswp-item dt-single-pswp-popup\" title=\"Avena 5cl Alto\" data-dt-img-description=\"\" data-large_image_width=\"675\" data-large_image_height=\"900\" aria-label=\"Portfolio zoom icon\">Zoom<\/a><\/div>\t\t<\/figcaption>\n\t\t\t<\/figure>\n<\/div>\n<div class=\"project-list-content\">\n\t<\/div>\n<\/article>\n\n\n\n<article class=\"post post-51978 dt_portfolio type-dt_portfolio status-publish has-post-thumbnail hentry dt_portfolio_category-mesure-des-contenants-en-verre dt_portfolio_category-311\">\n\n\t<div class=\"project-list-media\">\n\t<figure class=\"buttons-on-img rollover-active\">\n\t\t<a href=\"https:\/\/avenadecor.pt\/fr\/projetos\/afericao-calice-5-cl\/\" class=\"alignnone rollover layzr-bg\" title=\"avenda-5cl\"  aria-label=\"Post image\"><img class=\"preload-me lazy-load aspect\" src=\"data:image\/svg+xml,%3Csvg%20xmlns%3D&#39;http%3A%2F%2Fwww.w3.org%2F2000%2Fsvg&#39;%20viewBox%3D&#39;0%200%20320%20426&#39;%2F%3E\" data-src=\"https:\/\/avenadecor.pt\/wp-content\/uploads\/2017\/07\/avenda-5cl-320x426.jpg\" data-srcset=\"https:\/\/avenadecor.pt\/wp-content\/uploads\/2017\/07\/avenda-5cl-320x426.jpg 320w, https:\/\/avenadecor.pt\/wp-content\/uploads\/2017\/07\/avenda-5cl-640x852.jpg 640w\" loading=\"eager\" style=\"--ratio: 320 \/ 426\" sizes=\"(max-width: 320px) 100vw, 320px\" alt=\"\" width=\"320\" height=\"426\"  \/><\/a>\t\t\t\t<figcaption class=\"rollover-content\">\n\t\t\t<div class=\"links-container\"><a href=\"https:\/\/avenadecor.pt\/wp-content\/uploads\/2017\/07\/avenda-5cl.jpg\" class=\"project-zoom dt-pswp-item dt-single-pswp-popup\" title=\"avenda-5cl\" data-dt-img-description=\"\" data-large_image_width=\"675\" data-large_image_height=\"900\" aria-label=\"Portfolio zoom icon\">Zoom<\/a><\/div>\t\t<\/figcaption>\n\t\t\t<\/figure>\n<\/div>\n<div class=\"project-list-content\">\n\t<\/div>\n<\/article>\n\n\n\n<article class=\"post post-52047 dt_portfolio type-dt_portfolio status-publish has-post-thumbnail hentry dt_portfolio_category-mesure-des-contenants-en-verre dt_portfolio_category-311\">\n\n\t<div class=\"project-list-media\">\n\t<figure class=\"buttons-on-img rollover-active\">\n\t\t<a href=\"https:\/\/avenadecor.pt\/fr\/projetos\/afericao\/\" class=\"alignnone rollover layzr-bg\" title=\"Aferi\u00e7\u00e3o\"  aria-label=\"Post image\"><img class=\"preload-me lazy-load aspect\" src=\"data:image\/svg+xml,%3Csvg%20xmlns%3D&#39;http%3A%2F%2Fwww.w3.org%2F2000%2Fsvg&#39;%20viewBox%3D&#39;0%200%20320%20426&#39;%2F%3E\" data-src=\"https:\/\/avenadecor.pt\/wp-content\/uploads\/2017\/06\/afericao-320x426.jpg\" data-srcset=\"https:\/\/avenadecor.pt\/wp-content\/uploads\/2017\/06\/afericao-320x426.jpg 320w, https:\/\/avenadecor.pt\/wp-content\/uploads\/2017\/06\/afericao-640x852.jpg 640w\" loading=\"eager\" style=\"--ratio: 320 \/ 426\" sizes=\"(max-width: 320px) 100vw, 320px\" alt=\"Aferi\u00e7\u00e3o\" width=\"320\" height=\"426\"  \/><\/a>\t\t\t\t<figcaption class=\"rollover-content\">\n\t\t\t<div class=\"links-container\"><a href=\"https:\/\/avenadecor.pt\/wp-content\/uploads\/2017\/06\/afericao.jpg\" class=\"project-zoom dt-pswp-item dt-single-pswp-popup\" title=\"Aferi\u00e7\u00e3o\" data-dt-img-description=\"\" data-large_image_width=\"675\" data-large_image_height=\"900\" aria-label=\"Portfolio zoom icon\">Zoom<\/a><\/div>\t\t<\/figcaption>\n\t\t\t<\/figure>\n<\/div>\n<div class=\"project-list-content\">\n\t<\/div>\n<\/article>\n\n\n\n<article class=\"post post-52023 dt_portfolio type-dt_portfolio status-publish has-post-thumbnail hentry dt_portfolio_category-mesure-des-contenants-en-verre dt_portfolio_category-311\">\n\n\t<div class=\"project-list-media\">\n\t<figure class=\"buttons-on-img rollover-active\">\n\t\t<a href=\"https:\/\/avenadecor.pt\/fr\/projetos\/afericao-calice-3-cl\/\" class=\"alignnone rollover layzr-bg\" title=\"avenda-3cl\"  aria-label=\"Post image\"><img class=\"preload-me lazy-load aspect\" src=\"data:image\/svg+xml,%3Csvg%20xmlns%3D&#39;http%3A%2F%2Fwww.w3.org%2F2000%2Fsvg&#39;%20viewBox%3D&#39;0%200%20320%20426&#39;%2F%3E\" data-src=\"https:\/\/avenadecor.pt\/wp-content\/uploads\/2017\/07\/avenda-3cl-320x426.jpg\" data-srcset=\"https:\/\/avenadecor.pt\/wp-content\/uploads\/2017\/07\/avenda-3cl-320x426.jpg 320w, https:\/\/avenadecor.pt\/wp-content\/uploads\/2017\/07\/avenda-3cl-640x852.jpg 640w\" loading=\"eager\" style=\"--ratio: 320 \/ 426\" sizes=\"(max-width: 320px) 100vw, 320px\" alt=\"\" width=\"320\" height=\"426\"  \/><\/a>\t\t\t\t<figcaption class=\"rollover-content\">\n\t\t\t<div class=\"links-container\"><a href=\"https:\/\/avenadecor.pt\/wp-content\/uploads\/2017\/07\/avenda-3cl.jpg\" class=\"project-zoom dt-pswp-item dt-single-pswp-popup\" title=\"avenda-3cl\" data-dt-img-description=\"\" data-large_image_width=\"675\" data-large_image_height=\"900\" aria-label=\"Portfolio zoom icon\">Zoom<\/a><\/div>\t\t<\/figcaption>\n\t\t\t<\/figure>\n<\/div>\n<div class=\"project-list-content\">\n\t<\/div>\n<\/article>\n\n<\/div>[\/vc_column][\/vc_row]<\/p>\n<\/div>","protected":false},"excerpt":{"rendered":"<p>[vc_row margin_top=\u00a0\u00bb-70px\u00a0\u00bb][vc_column][vc_separator color=\u00a0\u00bbwhite\u00a0\u00bb border_width=\u00a0\u00bb10&Prime;][vc_separator color=\u00a0\u00bbwhite\u00a0\u00bb border_width=\u00a0\u00bb10&Prime;][\/vc_column][\/vc_row][vc_row][vc_column width=\u00a0\u00bb1\/2&Prime;][vc_column_text] Passez la souris sur l&rsquo;image pour voir le d\u00e9tail de notre travail[\/vc_column_text][\/vc_column][vc_column width=\u00a0\u00bb1\/2&Prime;][vc_column_text]Nous sommes certifi\u00e9s pour effectuer l\u2019application de la jauge sur des goblets en verre pour la commercialisation des boissons alcoolis\u00e9es conform\u00e9ment \u00e0 la directive MID[\/vc_column_text][vc_separator color=\u00a0\u00bbcustom\u00a0\u00bb border_width=\u00a0\u00bb3&Prime; el_width=\u00a0\u00bb20&Prime; accent_color=\u00a0\u00bb#7bbd00&Prime;][vc_single_image image=\u00a0\u00bb50281&Prime; img_size=\u00a0\u00bbmedium\u00a0\u00bb alignment=\u00a0\u00bbcenter\u00a0\u00bb onclick=\u00a0\u00bblink_image\u00a0\u00bb][\/vc_column][\/vc_row][vc_row type=\u00a0\u00bbvc_default\u00a0\u00bb full_width=\u00a0\u00bbstretch_row_content_no_spaces\u00a0\u00bb][vc_column][vc_custom_heading text=\u00a0\u00bbNotre&hellip;<\/p>\n","protected":false},"author":1,"featured_media":0,"parent":51772,"menu_order":3,"comment_status":"closed","ping_status":"closed","template":"","meta":{"footnotes":""},"_links":{"self":[{"href":"https:\/\/avenadecor.pt\/fr\/wp-json\/wp\/v2\/pages\/51779"}],"collection":[{"href":"https:\/\/avenadecor.pt\/fr\/wp-json\/wp\/v2\/pages"}],"about":[{"href":"https:\/\/avenadecor.pt\/fr\/wp-json\/wp\/v2\/types\/page"}],"author":[{"embeddable":true,"href":"https:\/\/avenadecor.pt\/fr\/wp-json\/wp\/v2\/users\/1"}],"replies":[{"embeddable":true,"href":"https:\/\/avenadecor.pt\/fr\/wp-json\/wp\/v2\/comments?post=51779"}],"version-history":[{"count":2,"href":"https:\/\/avenadecor.pt\/fr\/wp-json\/wp\/v2\/pages\/51779\/revisions"}],"predecessor-version":[{"id":51816,"href":"https:\/\/avenadecor.pt\/fr\/wp-json\/wp\/v2\/pages\/51779\/revisions\/51816"}],"up":[{"embeddable":true,"href":"https:\/\/avenadecor.pt\/fr\/wp-json\/wp\/v2\/pages\/51772"}],"wp:attachment":[{"href":"https:\/\/avenadecor.pt\/fr\/wp-json\/wp\/v2\/media?parent=51779"}],"curies":[{"name":"wp","href":"https:\/\/api.w.org\/{rel}","templated":true}]}}