{"id":51780,"date":"2018-01-28T11:41:20","date_gmt":"2018-01-28T11:41:20","guid":{"rendered":"http:\/\/www.avenadecor.pt\/?page_id=51780"},"modified":"2025-05-27T10:26:05","modified_gmt":"2025-05-27T09:26:05","slug":"durabilite","status":"publish","type":"page","link":"https:\/\/avenadecor.pt\/fr\/durabilite\/","title":{"rendered":"Durabilit\u00e9"},"content":{"rendered":"<div class=\"wpb-content-wrapper\"><p>[vc_row][vc_column width=\u00a0\u00bb1\/6&Prime;][vc_separator color=\u00a0\u00bbwhite\u00a0\u00bb border_width=\u00a0\u00bb10&Prime;][\/vc_column][vc_column width=\u00a0\u00bb2\/3&Prime;][vc_separator color=\u00a0\u00bbwhite\u00a0\u00bb border_width=\u00a0\u00bb10&Prime;]<div id=\"ultimate-heading-933869d76fb08cc60\" class=\"uvc-heading ult-adjust-bottom-margin ultimate-heading-933869d76fb08cc60 uvc-8071 accent-border-color color-title uvc-heading-default-font-sizes\" data-hspacer=\"line_only\"  data-halign=\"center\" style=\"text-align:center\"><div class=\"uvc-main-heading ult-responsive\"  data-ultimate-target='.uvc-heading.ultimate-heading-933869d76fb08cc60 h2'  data-responsive-json-new='{\"font-size\":\"\",\"line-height\":\"\"}' ><h2 style=\"--font-weight:theme;margin-bottom:25px;\">La politique de la qualit\u00e9 et de la durabilit\u00e9<\/h2><\/div><div class=\"uvc-heading-spacer line_only\" style=\"topheight:3px;\"><span class=\"uvc-headings-line\" style=\"border-style:solid;border-bottom-width:3px;border-color:#ccc;width:100px;\"><\/span><\/div><\/div>[vc_separator color=\u00a0\u00bbwhite\u00a0\u00bb border_width=\u00a0\u00bb10&Prime;][vc_column_text]Avenadecor SA en tant qu\u2019 une soci\u00e9t\u00e9 de r\u00e9f\u00e9rence dans la d\u00e9coration d&rsquo;articles de verre dans la p\u00e9ninsule ib\u00e9rique, prend l&rsquo;engagement avec les principes directeurs du d\u00e9veloppement durable.<\/p>\n<p>Le respect de ces principes est refl\u00e9t\u00e9e dans l&rsquo;imp\u00e9ratif de garantir, dans chaque moment, la cr\u00e9ation de valeur et, par cons\u00e9quent, la satisfaction de nos clients, employ\u00e9s, actionnaires et des tiers avec lesquels nous collaborons.[\/vc_column_text][vc_separator color=\u00a0\u00bbwhite\u00a0\u00bb border_width=\u00a0\u00bb10&Prime;][vc_tta_accordion style=\u00a0\u00bbflat\u00a0\u00bb shape=\u00a0\u00bbsquare\u00a0\u00bb color=\u00a0\u00bbgreen\u00a0\u00bb spacing=\u00a0\u00bb5&Prime; gap=\u00a0\u00bb10&Prime; c_icon=\u00a0\u00bbchevron\u00a0\u00bb active_section=\u00a0\u00bb-1&Prime; css_animation=\u00a0\u00bbnone\u00a0\u00bb no_fill=\u00a0\u00bbtrue\u00a0\u00bb collapsible_all=\u00a0\u00bbtrue\u00a0\u00bb][vc_tta_section title=\u00a0\u00bbPrestation de services\u00a0\u00bb tab_id=\u00a0\u00bb1500131965435-c20fad07-5ce9&Prime;][vc_column_text]Un mod\u00e8le pour la fourniture de services bas\u00e9s sur la recherche de solutions pour r\u00e9pondre aux besoins de nos clients.<\/p>\n<p>La protection et la s\u00e9curit\u00e9 du Produit et de l\u2019 Information, comme un soutien \u00e0 l&rsquo;efficacit\u00e9 du service fourni \u00e0 nos clients, bas\u00e9e sur l&rsquo;int\u00e9grit\u00e9, la disponibilit\u00e9 de l&rsquo;infrastructure, les syst\u00e8mes d&rsquo;information et la confidentialit\u00e9 des informations des clients.[\/vc_column_text][\/vc_tta_section][vc_tta_section title=\u00a0\u00bbL&rsquo;efficacit\u00e9 de l&rsquo;environnement\u00a0\u00bb tab_id=\u00a0\u00bb1500131967558-18d8224d-964d\u00a0\u00bb][vc_column_text]. L&rsquo;identification des aspects qui permet d&rsquo;\u00e9valuer les impacts et de prioriser les actions, en vue de leur r\u00e9duction et de son contr\u00f4le. La promotion de l&rsquo;utilisation durable des ressources naturelles, y compris l&rsquo;\u00e9nergie et de l&rsquo;eau, la pr\u00e9vention de la pollution et sa r\u00e9duction, r\u00e9utilisation et recyclage des d\u00e9chets produits.[\/vc_column_text][\/vc_tta_section][vc_tta_section title=\u00a0\u00bbLa sant\u00e9 et la s\u00e9curit\u00e9 au travail\u00a0\u00bb tab_id=\u00a0\u00bb1500132019200-801ebd46-9400&Prime;][vc_column_text]L&rsquo;identification des dangers auxquels les travailleurs sont expos\u00e9s, dans le cadre de la sant\u00e9 et de la s\u00e9curit\u00e9 au travail, en vue de l&rsquo;\u00e9valuation des risques et la hi\u00e9rarchisation des actions, s&rsquo;assurer de leur r\u00e9duction et leur contr\u00f4le.<\/p>\n<p>La pr\u00e9vention de la survenue des blessures, incidents, accidents et maladies professionnelles.[\/vc_column_text][\/vc_tta_section][vc_tta_section title=\u00a0\u00bbExigences juridiques\u00a0\u00bb tab_id=\u00a0\u00bb1500132043536-0f9c8de7-f9cd\u00a0\u00bb][vc_column_text]Le respect des dispositions l\u00e9gales en vigueur, ainsi que les autres exigences auxquelles on a souscrit[\/vc_column_text][\/vc_tta_section][vc_tta_section title=\u00a0\u00bbAm\u00e9lioration continue\u00a0\u00bb tab_id=\u00a0\u00bb1500132061310-90a5d775-51de\u00a0\u00bb][vc_column_text]La mise en place d&rsquo;une culture d&rsquo;am\u00e9lioration continue qui regroupe la gestion des processus et favorise l&rsquo;efficacit\u00e9 du mod\u00e8le de gestion.[\/vc_column_text][\/vc_tta_section][\/vc_tta_accordion][\/vc_column][vc_column width=\u00a0\u00bb1\/6&Prime;][\/vc_column][\/vc_row]<\/p>\n<\/div>","protected":false},"excerpt":{"rendered":"<p>[vc_row][vc_column width=\u00a0\u00bb1\/6&Prime;][vc_separator color=\u00a0\u00bbwhite\u00a0\u00bb border_width=\u00a0\u00bb10&Prime;][\/vc_column][vc_column width=\u00a0\u00bb2\/3&Prime;][vc_separator color=\u00a0\u00bbwhite\u00a0\u00bb border_width=\u00a0\u00bb10&Prime;][vc_separator color=\u00a0\u00bbwhite\u00a0\u00bb border_width=\u00a0\u00bb10&Prime;][vc_column_text]Avenadecor SA en tant qu\u2019 une soci\u00e9t\u00e9 de r\u00e9f\u00e9rence dans la d\u00e9coration d&rsquo;articles de verre dans la p\u00e9ninsule ib\u00e9rique, prend l&rsquo;engagement avec les principes directeurs du d\u00e9veloppement durable. Le respect de ces principes est refl\u00e9t\u00e9e dans l&rsquo;imp\u00e9ratif de garantir, dans chaque moment, la cr\u00e9ation de valeur et,&hellip;<\/p>\n","protected":false},"author":1,"featured_media":0,"parent":0,"menu_order":3,"comment_status":"closed","ping_status":"closed","template":"","meta":{"footnotes":""},"_links":{"self":[{"href":"https:\/\/avenadecor.pt\/fr\/wp-json\/wp\/v2\/pages\/51780"}],"collection":[{"href":"https:\/\/avenadecor.pt\/fr\/wp-json\/wp\/v2\/pages"}],"about":[{"href":"https:\/\/avenadecor.pt\/fr\/wp-json\/wp\/v2\/types\/page"}],"author":[{"embeddable":true,"href":"https:\/\/avenadecor.pt\/fr\/wp-json\/wp\/v2\/users\/1"}],"replies":[{"embeddable":true,"href":"https:\/\/avenadecor.pt\/fr\/wp-json\/wp\/v2\/comments?post=51780"}],"version-history":[{"count":10,"href":"https:\/\/avenadecor.pt\/fr\/wp-json\/wp\/v2\/pages\/51780\/revisions"}],"predecessor-version":[{"id":55100,"href":"https:\/\/avenadecor.pt\/fr\/wp-json\/wp\/v2\/pages\/51780\/revisions\/55100"}],"wp:attachment":[{"href":"https:\/\/avenadecor.pt\/fr\/wp-json\/wp\/v2\/media?parent=51780"}],"curies":[{"name":"wp","href":"https:\/\/api.w.org\/{rel}","templated":true}]}}